{"id":13879,"date":"2026-05-05T13:22:16","date_gmt":"2026-05-05T11:22:16","guid":{"rendered":"https:\/\/eclipseglassesspain.com\/4016-refund-policy\/"},"modified":"2026-05-05T13:40:09","modified_gmt":"2026-05-05T11:40:09","slug":"4016-refund-policy","status":"publish","type":"page","link":"https:\/\/eclipseglassesspain.com\/de\/4016-refund-policy\/","title":{"rendered":"4016-Refund Policy"},"content":{"rendered":"\t\t<div data-elementor-type=\"wp-page\" data-elementor-id=\"13879\" class=\"elementor elementor-13879 elementor-7869\" data-elementor-post-type=\"page\">\n\t\t\t\t<div class=\"elementor-element elementor-element-bf32269 e-flex e-con-boxed e-con e-parent\" data-id=\"bf32269\" data-element_type=\"container\" data-e-type=\"container\" data-settings=\"{&quot;background_background&quot;:&quot;classic&quot;}\">\n\t\t\t\t\t<div class=\"e-con-inner\">\n\t\t<div class=\"elementor-element elementor-element-2148638 pge-bnr e-flex e-con-boxed e-con e-child\" data-id=\"2148638\" data-element_type=\"container\" data-e-type=\"container\">\n\t\t\t\t\t<div class=\"e-con-inner\">\n\t\t\t\t<div class=\"elementor-element elementor-element-1c28ca9 elementor-widget elementor-widget-heading\" data-id=\"1c28ca9\" data-element_type=\"widget\" data-e-type=\"widget\" data-widget_type=\"heading.default\">\n\t\t\t\t\t<h1 class=\"elementor-heading-title elementor-size-default\">R\u00fcckerstattungsrichtlinie<\/h1>\t\t\t\t<\/div>\n\t\t\t\t<div class=\"elementor-element elementor-element-2019245 elementor-widget-divider--view-line elementor-widget elementor-widget-divider\" data-id=\"2019245\" data-element_type=\"widget\" data-e-type=\"widget\" data-widget_type=\"divider.default\">\n\t\t\t\t\t\t\t<div class=\"elementor-divider\">\n\t\t\t<span class=\"elementor-divider-separator\">\n\t\t\t\t\t\t<\/span>\n\t\t<\/div>\n\t\t\t\t\t\t<\/div>\n\t\t\t\t\t<\/div>\n\t\t\t\t<\/div>\n\t\t\t\t\t<\/div>\n\t\t\t\t<\/div>\n\t\t<div class=\"elementor-element elementor-element-3302961 e-flex e-con-boxed e-con e-parent\" data-id=\"3302961\" data-element_type=\"container\" data-e-type=\"container\">\n\t\t\t\t\t<div class=\"e-con-inner\">\n\t\t<div class=\"elementor-element elementor-element-9aac8b9 e-con-full e-flex e-con e-child\" data-id=\"9aac8b9\" data-element_type=\"container\" data-e-type=\"container\">\n\t\t\t\t<div class=\"elementor-element elementor-element-f5d1e6f elementor-widget-tablet_extra__width-initial elementor-widget elementor-widget-text-editor\" data-id=\"f5d1e6f\" data-element_type=\"widget\" data-e-type=\"widget\" data-widget_type=\"text-editor.default\">\n\t\t\t\t\t\t\t\t\t<p>Unser Ziel bei Spectrum ist es, dass Sie die kommende Sonnenfinsternis uneingeschr\u00e4nkt genie\u00dfen k\u00f6nnen. Wann immer m\u00f6glich, bieten wir eine Ersatzlieferung an. Auf Wunsch k\u00f6nnen wir jedoch in den folgenden F\u00e4llen eine vollst\u00e4ndige oder teilweise R\u00fcckerstattung gew\u00e4hren.  <\/p>\t\t\t\t\t\t\t\t<\/div>\n\t\t\t\t<div class=\"elementor-element elementor-element-0dd0434 elementor-widget elementor-widget-heading\" data-id=\"0dd0434\" data-element_type=\"widget\" data-e-type=\"widget\" data-widget_type=\"heading.default\">\n\t\t\t\t\t<h2 class=\"elementor-heading-title elementor-size-default\">1. Bestellung nicht erhalten<\/h2>\t\t\t\t<\/div>\n\t\t\t\t<div class=\"elementor-element elementor-element-17905b2 elementor-widget-tablet_extra__width-initial elementor-widget elementor-widget-text-editor\" data-id=\"17905b2\" data-element_type=\"widget\" data-e-type=\"widget\" data-widget_type=\"text-editor.default\">\n\t\t\t\t\t\t\t\t\t<p>Wenn Ihre Bestellung aufgrund eines Problems beim Versanddienstleister nicht zugestellt wurde und die angegebene Adresse korrekt war, bieten wir Ihnen gerne eine Ersatzlieferung oder eine R\u00fcckerstattung an.<\/p>\n<p>Bitte beachten Sie, dass Sie f\u00fcr die Richtigkeit der Lieferadresse verantwortlich sind. Bei falschen oder unvollst\u00e4ndigen Angaben besteht kein Anspruch auf R\u00fcckerstattung. Eine erneute Versendung ist in diesem Fall auf Kosten des Kunden m\u00f6glich.  <\/p>\n<p>Ist bei der Zustellung niemand anwesend, kann das Paket im Briefkasten oder an einer Abholstelle hinterlegt werden. Sie erhalten entweder einen Zustellnachweis (z. B. Foto) oder entsprechende Abholhinweise. <\/p>\t\t\t\t\t\t\t\t<\/div>\n\t\t\t\t<div class=\"elementor-element elementor-element-df8963f elementor-widget elementor-widget-heading\" data-id=\"df8963f\" data-element_type=\"widget\" data-e-type=\"widget\" data-widget_type=\"heading.default\">\n\t\t\t\t\t<h2 class=\"elementor-heading-title elementor-size-default\">2. Besch\u00e4digte Bestellung<\/h2>\t\t\t\t<\/div>\n\t\t\t\t<div class=\"elementor-element elementor-element-968c2ea elementor-widget-tablet_extra__width-initial elementor-widget elementor-widget-text-editor\" data-id=\"968c2ea\" data-element_type=\"widget\" data-e-type=\"widget\" data-widget_type=\"text-editor.default\">\n\t\t\t\t\t\t\t\t\t<p>Sollte Ihre Bestellung besch\u00e4digt ankommen, bieten wir entweder einen Ersatz der betroffenen Artikel oder eine teilweise R\u00fcckerstattung an.<\/p>\n<p>Bitte <a href=\"https:\/\/eclipseglassesspain.com\/contact-spectrum-eclipse-glasses\/\">kontaktieren Sie uns<\/a> schnellstm\u00f6glich und senden Sie Fotos des Schadens.<\/p>\t\t\t\t\t\t\t\t<\/div>\n\t\t\t\t<div class=\"elementor-element elementor-element-4513850 elementor-widget elementor-widget-heading\" data-id=\"4513850\" data-element_type=\"widget\" data-e-type=\"widget\" data-widget_type=\"heading.default\">\n\t\t\t\t\t<h2 class=\"elementor-heading-title elementor-size-default\">3. Widerrufsrecht und R\u00fcckgaben<\/h2>\t\t\t\t<\/div>\n\t\t\t\t<div class=\"elementor-element elementor-element-1078d03 elementor-widget-tablet_extra__width-initial elementor-widget elementor-widget-text-editor\" data-id=\"1078d03\" data-element_type=\"widget\" data-e-type=\"widget\" data-widget_type=\"text-editor.default\">\n\t\t\t\t\t\t\t\t\t<p>Sie haben das Recht, innerhalb von 14 Kalendertagen nach Erhalt vom Kauf zur\u00fcckzutreten.<\/p>\n<p>Bitte beachten Sie:<\/p>\t\t\t\t\t\t\t\t<\/div>\n\t\t\t\t<div class=\"elementor-element elementor-element-b398cea elementor-icon-list--layout-traditional elementor-list-item-link-full_width elementor-widget elementor-widget-icon-list\" data-id=\"b398cea\" data-element_type=\"widget\" data-e-type=\"widget\" data-widget_type=\"icon-list.default\">\n\t\t\t\t\t\t\t<ul class=\"elementor-icon-list-items\">\n\t\t\t\t\t\t\t<li class=\"elementor-icon-list-item\">\n\t\t\t\t\t\t\t\t\t\t\t<span class=\"elementor-icon-list-icon\">\n\t\t\t\t\t\t\t<svg xmlns=\"http:\/\/www.w3.org\/2000\/svg\" width=\"36\" height=\"36\" viewBox=\"0 0 36 36\" fill=\"none\"><g clip-path=\"url(#clip0_214_165)\"><path d=\"M35.4012 18.0001C35.4012 27.9793 27.0072 35.9923 16.8924 35.3659C8.22601 34.8289 1.17241 27.7753 0.636014 19.1089C0.009014 8.9941 8.02201 0.600098 18.0012 0.600098C20.742 0.600098 23.337 1.2325 25.6452 2.3647C26.2638 2.6683 26.4906 3.4387 26.1492 4.0375L26.1468 4.0417C25.8312 4.5949 25.1424 4.8007 24.5712 4.5193C22.2804 3.3913 19.6614 2.8423 16.8972 3.0397C9.63721 3.5575 3.70801 9.3805 3.06181 16.6303C2.25781 25.6537 9.48901 33.2275 18.3996 32.9947C26.0304 32.7955 32.4 26.7439 32.9586 19.1311C33.1038 17.1535 32.8656 15.2389 32.2992 13.4737C32.1198 12.9139 32.3808 12.3097 32.9064 12.0469C33.5628 11.7187 34.3674 12.0469 34.59 12.7459C35.1168 14.4025 35.4012 16.1677 35.4012 18.0001Z\" fill=\"#FBC35D\"><\/path><path d=\"M9.2462 13.4833L18.7346 26.3215C19.451 27.2911 20.909 27.2071 21.5132 26.1619L35.2244 2.42709C35.9384 1.19109 34.3094 -0.0515121 33.338 0.988888L19.0532 16.2901L10.7648 11.7025C9.6446 11.0827 8.4806 12.4471 9.2462 13.4833Z\" fill=\"#E95900\"><\/path><\/g><defs><clipPath id=\"clip0_214_165\"><rect width=\"36\" height=\"36\" fill=\"white\"><\/rect><\/clipPath><\/defs><\/svg>\t\t\t\t\t\t<\/span>\n\t\t\t\t\t\t\t\t\t\t<span class=\"elementor-icon-list-text\">Sonnenfinsternisbrillen sind pers\u00f6nliche Schutzausr\u00fcstung zur direkten Sonnenbeobachtung.<\/span>\n\t\t\t\t\t\t\t\t\t<\/li>\n\t\t\t\t\t\t\t\t<li class=\"elementor-icon-list-item\">\n\t\t\t\t\t\t\t\t\t\t\t<span class=\"elementor-icon-list-icon\">\n\t\t\t\t\t\t\t<svg xmlns=\"http:\/\/www.w3.org\/2000\/svg\" width=\"36\" height=\"36\" viewBox=\"0 0 36 36\" fill=\"none\"><g clip-path=\"url(#clip0_214_165)\"><path d=\"M35.4012 18.0001C35.4012 27.9793 27.0072 35.9923 16.8924 35.3659C8.22601 34.8289 1.17241 27.7753 0.636014 19.1089C0.009014 8.9941 8.02201 0.600098 18.0012 0.600098C20.742 0.600098 23.337 1.2325 25.6452 2.3647C26.2638 2.6683 26.4906 3.4387 26.1492 4.0375L26.1468 4.0417C25.8312 4.5949 25.1424 4.8007 24.5712 4.5193C22.2804 3.3913 19.6614 2.8423 16.8972 3.0397C9.63721 3.5575 3.70801 9.3805 3.06181 16.6303C2.25781 25.6537 9.48901 33.2275 18.3996 32.9947C26.0304 32.7955 32.4 26.7439 32.9586 19.1311C33.1038 17.1535 32.8656 15.2389 32.2992 13.4737C32.1198 12.9139 32.3808 12.3097 32.9064 12.0469C33.5628 11.7187 34.3674 12.0469 34.59 12.7459C35.1168 14.4025 35.4012 16.1677 35.4012 18.0001Z\" fill=\"#FBC35D\"><\/path><path d=\"M9.2462 13.4833L18.7346 26.3215C19.451 27.2911 20.909 27.2071 21.5132 26.1619L35.2244 2.42709C35.9384 1.19109 34.3094 -0.0515121 33.338 0.988888L19.0532 16.2901L10.7648 11.7025C9.6446 11.0827 8.4806 12.4471 9.2462 13.4833Z\" fill=\"#E95900\"><\/path><\/g><defs><clipPath id=\"clip0_214_165\"><rect width=\"36\" height=\"36\" fill=\"white\"><\/rect><\/clipPath><\/defs><\/svg>\t\t\t\t\t\t<\/span>\n\t\t\t\t\t\t\t\t\t\t<span class=\"elementor-icon-list-text\">Aus Sicherheits- und Hygienegr\u00fcnden k\u00f6nnen wir keine ge\u00f6ffneten oder manipulierten Produkte zur\u00fccknehmen.<\/span>\n\t\t\t\t\t\t\t\t\t<\/li>\n\t\t\t\t\t\t\t\t<li class=\"elementor-icon-list-item\">\n\t\t\t\t\t\t\t\t\t\t\t<span class=\"elementor-icon-list-icon\">\n\t\t\t\t\t\t\t<svg xmlns=\"http:\/\/www.w3.org\/2000\/svg\" width=\"36\" height=\"36\" viewBox=\"0 0 36 36\" fill=\"none\"><g clip-path=\"url(#clip0_214_165)\"><path d=\"M35.4012 18.0001C35.4012 27.9793 27.0072 35.9923 16.8924 35.3659C8.22601 34.8289 1.17241 27.7753 0.636014 19.1089C0.009014 8.9941 8.02201 0.600098 18.0012 0.600098C20.742 0.600098 23.337 1.2325 25.6452 2.3647C26.2638 2.6683 26.4906 3.4387 26.1492 4.0375L26.1468 4.0417C25.8312 4.5949 25.1424 4.8007 24.5712 4.5193C22.2804 3.3913 19.6614 2.8423 16.8972 3.0397C9.63721 3.5575 3.70801 9.3805 3.06181 16.6303C2.25781 25.6537 9.48901 33.2275 18.3996 32.9947C26.0304 32.7955 32.4 26.7439 32.9586 19.1311C33.1038 17.1535 32.8656 15.2389 32.2992 13.4737C32.1198 12.9139 32.3808 12.3097 32.9064 12.0469C33.5628 11.7187 34.3674 12.0469 34.59 12.7459C35.1168 14.4025 35.4012 16.1677 35.4012 18.0001Z\" fill=\"#FBC35D\"><\/path><path d=\"M9.2462 13.4833L18.7346 26.3215C19.451 27.2911 20.909 27.2071 21.5132 26.1619L35.2244 2.42709C35.9384 1.19109 34.3094 -0.0515121 33.338 0.988888L19.0532 16.2901L10.7648 11.7025C9.6446 11.0827 8.4806 12.4471 9.2462 13.4833Z\" fill=\"#E95900\"><\/path><\/g><defs><clipPath id=\"clip0_214_165\"><rect width=\"36\" height=\"36\" fill=\"white\"><\/rect><\/clipPath><\/defs><\/svg>\t\t\t\t\t\t<\/span>\n\t\t\t\t\t\t\t\t\t\t<span class=\"elementor-icon-list-text\">Nach dem \u00d6ffnen kann die Sicherheit der Filter nicht mehr gew\u00e4hrleistet werden, weshalb ein Weiterverkauf ausgeschlossen ist.<\/span>\n\t\t\t\t\t\t\t\t\t<\/li>\n\t\t\t\t\t\t<\/ul>\n\t\t\t\t\t\t<\/div>\n\t\t\t\t<div class=\"elementor-element elementor-element-55ff09f elementor-widget-tablet_extra__width-initial elementor-widget elementor-widget-text-editor\" data-id=\"55ff09f\" data-element_type=\"widget\" data-e-type=\"widget\" data-widget_type=\"text-editor.default\">\n\t\t\t\t\t\t\t\t\t<p>Eine R\u00fcckerstattung ist daher nur m\u00f6glich, wenn das Produkt unge\u00f6ffnet und im Originalzustand zur\u00fcckgesendet wird.<\/p>\t\t\t\t\t\t\t\t<\/div>\n\t\t\t\t<\/div>\n\t\t\t\t\t<\/div>\n\t\t\t\t<\/div>\n\t\t\t\t<\/div>\n\t\t","protected":false},"excerpt":{"rendered":"<p>R\u00fcckerstattungsrichtlinie Unser Ziel bei Spectrum ist es, dass Sie die kommende Sonnenfinsternis uneingeschr\u00e4nkt genie\u00dfen k\u00f6nnen. Wann immer m\u00f6glich, bieten wir [&hellip;]<\/p>\n","protected":false},"author":58,"featured_media":0,"parent":0,"menu_order":0,"comment_status":"closed","ping_status":"closed","template":"","meta":{"site-sidebar-layout":"default","site-content-layout":"","ast-site-content-layout":"default","site-content-style":"default","site-sidebar-style":"default","ast-global-header-display":"","ast-banner-title-visibility":"","ast-main-header-display":"","ast-hfb-above-header-display":"","ast-hfb-below-header-display":"","ast-hfb-mobile-header-display":"","site-post-title":"disabled","ast-breadcrumbs-content":"","ast-featured-img":"","footer-sml-layout":"","ast-disable-related-posts":"","theme-transparent-header-meta":"","adv-header-id-meta":"","stick-header-meta":"","header-above-stick-meta":"","header-main-stick-meta":"","header-below-stick-meta":"","astra-migrate-meta-layouts":"default","ast-page-background-enabled":"default","ast-page-background-meta":{"desktop":{"background-color":"var(--ast-global-color-5)","background-image":"","background-repeat":"repeat","background-position":"center center","background-size":"auto","background-attachment":"scroll","background-type":"","background-media":"","overlay-type":"","overlay-color":"","overlay-opacity":"","overlay-gradient":""},"tablet":{"background-color":"","background-image":"","background-repeat":"repeat","background-position":"center center","background-size":"auto","background-attachment":"scroll","background-type":"","background-media":"","overlay-type":"","overlay-color":"","overlay-opacity":"","overlay-gradient":""},"mobile":{"background-color":"","background-image":"","background-repeat":"repeat","background-position":"center center","background-size":"auto","background-attachment":"scroll","background-type":"","background-media":"","overlay-type":"","overlay-color":"","overlay-opacity":"","overlay-gradient":""}},"ast-content-background-meta":{"desktop":{"background-color":"var(--ast-global-color-4)","background-image":"","background-repeat":"repeat","background-position":"center center","background-size":"auto","background-attachment":"scroll","background-type":"","background-media":"","overlay-type":"","overlay-color":"","overlay-opacity":"","overlay-gradient":""},"tablet":{"background-color":"var(--ast-global-color-4)","background-image":"","background-repeat":"repeat","background-position":"center center","background-size":"auto","background-attachment":"scroll","background-type":"","background-media":"","overlay-type":"","overlay-color":"","overlay-opacity":"","overlay-gradient":""},"mobile":{"background-color":"var(--ast-global-color-4)","background-image":"","background-repeat":"repeat","background-position":"center center","background-size":"auto","background-attachment":"scroll","background-type":"","background-media":"","overlay-type":"","overlay-color":"","overlay-opacity":"","overlay-gradient":""}},"_glsr_average":0,"_glsr_ranking":0,"_glsr_reviews":0,"footnotes":""},"class_list":["post-13879","page","type-page","status-publish","hentry"],"_links":{"self":[{"href":"https:\/\/eclipseglassesspain.com\/de\/wp-json\/wp\/v2\/pages\/13879","targetHints":{"allow":["GET"]}}],"collection":[{"href":"https:\/\/eclipseglassesspain.com\/de\/wp-json\/wp\/v2\/pages"}],"about":[{"href":"https:\/\/eclipseglassesspain.com\/de\/wp-json\/wp\/v2\/types\/page"}],"author":[{"embeddable":true,"href":"https:\/\/eclipseglassesspain.com\/de\/wp-json\/wp\/v2\/users\/58"}],"replies":[{"embeddable":true,"href":"https:\/\/eclipseglassesspain.com\/de\/wp-json\/wp\/v2\/comments?post=13879"}],"version-history":[{"count":1,"href":"https:\/\/eclipseglassesspain.com\/de\/wp-json\/wp\/v2\/pages\/13879\/revisions"}],"predecessor-version":[{"id":13880,"href":"https:\/\/eclipseglassesspain.com\/de\/wp-json\/wp\/v2\/pages\/13879\/revisions\/13880"}],"wp:attachment":[{"href":"https:\/\/eclipseglassesspain.com\/de\/wp-json\/wp\/v2\/media?parent=13879"}],"curies":[{"name":"wp","href":"https:\/\/api.w.org\/{rel}","templated":true}]}}