{"id":12513,"date":"2025-10-13T17:39:13","date_gmt":"2025-10-13T15:39:13","guid":{"rendered":"https:\/\/eclipseglassesspain.com\/2018-mentions-legales\/"},"modified":"2026-04-27T18:50:44","modified_gmt":"2026-04-27T16:50:44","slug":"2018-mentions-legales","status":"publish","type":"page","link":"https:\/\/eclipseglassesspain.com\/fr\/2018-mentions-legales\/","title":{"rendered":"2018-Mentions l\u00e9gales"},"content":{"rendered":"\t\t<div data-elementor-type=\"wp-page\" data-elementor-id=\"12513\" class=\"elementor elementor-12513 elementor-3304\" data-elementor-post-type=\"page\">\n\t\t\t\t<div class=\"elementor-element elementor-element-5687102 e-flex e-con-boxed e-con e-parent\" data-id=\"5687102\" data-element_type=\"container\" data-e-type=\"container\" data-settings=\"{&quot;background_background&quot;:&quot;classic&quot;}\">\n\t\t\t\t\t<div class=\"e-con-inner\">\n\t\t<div class=\"elementor-element elementor-element-b5d5cb9 pge-bnr e-flex e-con-boxed e-con e-child\" data-id=\"b5d5cb9\" data-element_type=\"container\" data-e-type=\"container\">\n\t\t\t\t\t<div class=\"e-con-inner\">\n\t\t\t\t<div class=\"elementor-element elementor-element-51b5a16 elementor-widget elementor-widget-heading\" data-id=\"51b5a16\" data-element_type=\"widget\" data-e-type=\"widget\" data-widget_type=\"heading.default\">\n\t\t\t\t\t<h1 class=\"elementor-heading-title elementor-size-default\">Mentions l\u00e9gales<\/h1>\t\t\t\t<\/div>\n\t\t\t\t<div class=\"elementor-element elementor-element-73a30f2 elementor-widget-divider--view-line elementor-widget elementor-widget-divider\" data-id=\"73a30f2\" data-element_type=\"widget\" data-e-type=\"widget\" data-widget_type=\"divider.default\">\n\t\t\t\t\t\t\t<div class=\"elementor-divider\">\n\t\t\t<span class=\"elementor-divider-separator\">\n\t\t\t\t\t\t<\/span>\n\t\t<\/div>\n\t\t\t\t\t\t<\/div>\n\t\t\t\t\t<\/div>\n\t\t\t\t<\/div>\n\t\t\t\t\t<\/div>\n\t\t\t\t<\/div>\n\t\t<div class=\"elementor-element elementor-element-05932de e-flex e-con-boxed e-con e-parent\" data-id=\"05932de\" data-element_type=\"container\" data-e-type=\"container\">\n\t\t\t\t\t<div class=\"e-con-inner\">\n\t\t<div class=\"elementor-element elementor-element-777eb8f e-con-full e-flex e-con e-child\" data-id=\"777eb8f\" data-element_type=\"container\" data-e-type=\"container\">\n\t\t\t\t<div class=\"elementor-element elementor-element-6ff4fd0 elementor-widget elementor-widget-heading\" data-id=\"6ff4fd0\" data-element_type=\"widget\" data-e-type=\"widget\" data-widget_type=\"heading.default\">\n\t\t\t\t\t<h2 class=\"elementor-heading-title elementor-size-default\">Nos conditions et politiques<\/h2>\t\t\t\t<\/div>\n\t\t\t\t<div class=\"elementor-element elementor-element-928cad3 elementor-widget-tablet_extra__width-initial elementor-widget elementor-widget-text-editor\" data-id=\"928cad3\" data-element_type=\"widget\" data-e-type=\"widget\" data-widget_type=\"text-editor.default\">\n\t\t\t\t\t\t\t\t\t<p>Bienvenue sur <strong><a href=\"https:\/\/eclipseglassesspain.com\/fr\/\">https:\/\/eclipseglassesspain.com<\/a><\/strong>, <span style=\"font-weight: 400;\">l\u2019un des sites officiels g\u00e9r\u00e9s par <strong>Spectrum Spain S.L<\/strong>., soci\u00e9t\u00e9 enregistr\u00e9e sous le NIF ES49488749V, dont le si\u00e8ge social est situ\u00e9 Calle Crist\u00f2fol Ravent\u00f3s, 2 \u2013 Vilanova i la Geltr\u00fa, Barcelone, Espagne (ci-apr\u00e8s d\u00e9nomm\u00e9e \u00ab Spectrum \u00bb).<\/span><\/p><p><span style=\"font-weight: 400;\">La marque <strong>Spectrum Eclipse Glasses\u2122<\/strong> est une marque d\u00e9pos\u00e9e exploit\u00e9e par Peitho Marketing LLC pour les produits et services propos\u00e9s sur ce site web.<\/span><\/p><p>En acc\u00e9dant \u00e0 ce site web et en l\u2019utilisant, vous acceptez d\u2019\u00eatre li\u00e9 par nos <span style=\"color: #000000;\"><strong>Conditions g\u00e9n\u00e9rales d\u2019utilisation<\/strong><\/span> ainsi que par nos politiques de confidentialit\u00e9 et de service.<br> Nous vous recommandons de les lire attentivement afin de comprendre vos droits et obligations lors de toute interaction avec Spectrum. <\/p>\t\t\t\t\t\t\t\t<\/div>\n\t\t\t\t<div class=\"elementor-element elementor-element-253fa3b elementor-widget-tablet_extra__width-initial elementor-widget elementor-widget-text-editor\" data-id=\"253fa3b\" data-element_type=\"widget\" data-e-type=\"widget\" data-widget_type=\"text-editor.default\">\n\t\t\t\t\t\t\t\t\t<ul><li><strong>Nos conditions et politiques:<\/strong> <a href=\"https:\/\/eclipseglassesspain.com\/terms-and-conditions\/\">https:\/\/eclipseglassesspain.com\/terms-and-conditions\/<\/a><\/li><li><strong>Politique d&#8217;exp\u00e9dition<\/strong>: <a href=\"https:\/\/eclipseglassesspain.com\/fr\/2017-expedition\/\">https:\/\/eclipseglassesspain.com\/shipping-policy\/<\/a><\/li><li><strong>Politique et conditions de remboursement :<\/strong> [Insert Link]<\/li><li><strong>Politique de confidentialit\u00e9:<\/strong> <a href=\"https:\/\/eclipseglassesspain.com\/fr\/2015-politique-de-confidentialite\/\">https:\/\/eclipseglassesspain.com\/privacy-policy\/<\/a><\/li><li><strong>Politique en mati\u00e8re de cookies:<\/strong> <a href=\"https:\/\/eclipseglassesspain.com\/fr\/2014-politique-relative-aux-cookies\/\">https:\/\/eclipseglassesspain.com\/cookies-policy\/<\/a><\/li><\/ul>\t\t\t\t\t\t\t\t<\/div>\n\t\t\t\t<div class=\"elementor-element elementor-element-08fe20a elementor-widget-tablet_extra__width-initial elementor-widget elementor-widget-text-editor\" data-id=\"08fe20a\" data-element_type=\"widget\" data-e-type=\"widget\" data-widget_type=\"text-editor.default\">\n\t\t\t\t\t\t\t\t\t<p>Ces documents expliquent le fonctionnement de notre site, la mani\u00e8re dont vos donn\u00e9es personnelles sont collect\u00e9es et utilis\u00e9es, ainsi que ce \u00e0 quoi vous pouvez vous attendre lors de l\u2019achat de <span style=\"color: #000000;\"><strong>lunettes d\u2019\u00e9clipse solaire Spectrum<\/strong><\/span>, ou de votre participation \u00e0 notre programme d\u2019affiliation, \u00e0 nos tirages au sort ou \u00e0 d\u2019autres promotions.<\/p><p>L&#8217;utilisateur s&#8217;engage \u00e0 utiliser ce site web dans le respect des politiques susmentionn\u00e9es et de la l\u00e9gislation en vigueur, et d&#8217;une mani\u00e8re qui ne porte pas atteinte aux droits de Spectrum ou de tiers.<\/p>\t\t\t\t\t\t\t\t<\/div>\n\t\t\t\t<div class=\"elementor-element elementor-element-7fc0516 elementor-widget elementor-widget-heading\" data-id=\"7fc0516\" data-element_type=\"widget\" data-e-type=\"widget\" data-widget_type=\"heading.default\">\n\t\t\t\t\t<h2 class=\"elementor-heading-title elementor-size-default\">Contactez-nous<\/h2>\t\t\t\t<\/div>\n\t\t\t\t<div class=\"elementor-element elementor-element-4c2d688 elementor-widget-tablet_extra__width-initial elementor-widget elementor-widget-text-editor\" data-id=\"4c2d688\" data-element_type=\"widget\" data-e-type=\"widget\" data-widget_type=\"text-editor.default\">\n\t\t\t\t\t\t\t\t\t<p>Pour toute question, demande d\u2019information ou r\u00e9clamation relative \u00e0 nos conditions l\u00e9gales ou \u00e0 nos politiques, vous pouvez nous contacter via notre <a href=\"https:\/\/eclipseglassesspain.com\/fr\/2012-contactez-nous\/\">formulaire de contact.<\/a><\/p>\t\t\t\t\t\t\t\t<\/div>\n\t\t\t\t<\/div>\n\t\t\t\t\t<\/div>\n\t\t\t\t<\/div>\n\t\t\t\t<\/div>\n\t\t","protected":false},"excerpt":{"rendered":"<p>Mentions l\u00e9gales Nos conditions et politiques Bienvenue sur https:\/\/eclipseglassesspain.com, l\u2019un des sites officiels g\u00e9r\u00e9s par Spectrum Spain S.L., soci\u00e9t\u00e9 enregistr\u00e9e [&hellip;]<\/p>\n","protected":false},"author":3,"featured_media":0,"parent":0,"menu_order":0,"comment_status":"closed","ping_status":"closed","template":"","meta":{"site-sidebar-layout":"no-sidebar","site-content-layout":"","ast-site-content-layout":"full-width-container","site-content-style":"default","site-sidebar-style":"default","ast-global-header-display":"","ast-banner-title-visibility":"","ast-main-header-display":"","ast-hfb-above-header-display":"","ast-hfb-below-header-display":"","ast-hfb-mobile-header-display":"","site-post-title":"disabled","ast-breadcrumbs-content":"","ast-featured-img":"disabled","footer-sml-layout":"","ast-disable-related-posts":"","theme-transparent-header-meta":"","adv-header-id-meta":"","stick-header-meta":"","header-above-stick-meta":"","header-main-stick-meta":"","header-below-stick-meta":"","astra-migrate-meta-layouts":"default","ast-page-background-enabled":"default","ast-page-background-meta":{"desktop":{"background-color":"var(--ast-global-color-5)","background-image":"","background-repeat":"repeat","background-position":"center center","background-size":"auto","background-attachment":"scroll","background-type":"","background-media":"","overlay-type":"","overlay-color":"","overlay-opacity":"","overlay-gradient":""},"tablet":{"background-color":"","background-image":"","background-repeat":"repeat","background-position":"center center","background-size":"auto","background-attachment":"scroll","background-type":"","background-media":"","overlay-type":"","overlay-color":"","overlay-opacity":"","overlay-gradient":""},"mobile":{"background-color":"","background-image":"","background-repeat":"repeat","background-position":"center center","background-size":"auto","background-attachment":"scroll","background-type":"","background-media":"","overlay-type":"","overlay-color":"","overlay-opacity":"","overlay-gradient":""}},"ast-content-background-meta":{"desktop":{"background-color":"var(--ast-global-color-4)","background-image":"","background-repeat":"repeat","background-position":"center center","background-size":"auto","background-attachment":"scroll","background-type":"","background-media":"","overlay-type":"","overlay-color":"","overlay-opacity":"","overlay-gradient":""},"tablet":{"background-color":"var(--ast-global-color-4)","background-image":"","background-repeat":"repeat","background-position":"center center","background-size":"auto","background-attachment":"scroll","background-type":"","background-media":"","overlay-type":"","overlay-color":"","overlay-opacity":"","overlay-gradient":""},"mobile":{"background-color":"var(--ast-global-color-4)","background-image":"","background-repeat":"repeat","background-position":"center center","background-size":"auto","background-attachment":"scroll","background-type":"","background-media":"","overlay-type":"","overlay-color":"","overlay-opacity":"","overlay-gradient":""}},"_glsr_average":0,"_glsr_ranking":0,"_glsr_reviews":0,"footnotes":""},"class_list":["post-12513","page","type-page","status-publish","hentry"],"_links":{"self":[{"href":"https:\/\/eclipseglassesspain.com\/fr\/wp-json\/wp\/v2\/pages\/12513","targetHints":{"allow":["GET"]}}],"collection":[{"href":"https:\/\/eclipseglassesspain.com\/fr\/wp-json\/wp\/v2\/pages"}],"about":[{"href":"https:\/\/eclipseglassesspain.com\/fr\/wp-json\/wp\/v2\/types\/page"}],"author":[{"embeddable":true,"href":"https:\/\/eclipseglassesspain.com\/fr\/wp-json\/wp\/v2\/users\/3"}],"replies":[{"embeddable":true,"href":"https:\/\/eclipseglassesspain.com\/fr\/wp-json\/wp\/v2\/comments?post=12513"}],"version-history":[{"count":2,"href":"https:\/\/eclipseglassesspain.com\/fr\/wp-json\/wp\/v2\/pages\/12513\/revisions"}],"predecessor-version":[{"id":13127,"href":"https:\/\/eclipseglassesspain.com\/fr\/wp-json\/wp\/v2\/pages\/12513\/revisions\/13127"}],"wp:attachment":[{"href":"https:\/\/eclipseglassesspain.com\/fr\/wp-json\/wp\/v2\/media?parent=12513"}],"curies":[{"name":"wp","href":"https:\/\/api.w.org\/{rel}","templated":true}]}}