{"id":12546,"date":"2025-10-09T17:11:00","date_gmt":"2025-10-09T15:11:00","guid":{"rendered":"https:\/\/eclipseglassesspain.com\/2020-promotions-et-tirages-au-sort\/2021-promotion-n-1-prevente\/"},"modified":"2026-04-27T19:00:27","modified_gmt":"2026-04-27T17:00:27","slug":"2021-promotion-n-1-prevente","status":"publish","type":"page","link":"https:\/\/eclipseglassesspain.com\/fr\/2020-promotions-et-tirages-au-sort\/2021-promotion-n-1-prevente\/","title":{"rendered":"2021-Promotion n\u00b0 1 &#8211; Pr\u00e9vente"},"content":{"rendered":"\t\t<div data-elementor-type=\"wp-page\" data-elementor-id=\"12546\" class=\"elementor elementor-12546 elementor-2718\" data-elementor-post-type=\"page\">\n\t\t\t\t<div class=\"elementor-element elementor-element-3473f5c e-flex e-con-boxed e-con e-parent\" data-id=\"3473f5c\" data-element_type=\"container\" data-e-type=\"container\" data-settings=\"{&quot;background_background&quot;:&quot;classic&quot;}\">\n\t\t\t\t\t<div class=\"e-con-inner\">\n\t\t<div class=\"elementor-element elementor-element-5a2d956 pge-bnr e-flex e-con-boxed e-con e-child\" data-id=\"5a2d956\" data-element_type=\"container\" data-e-type=\"container\">\n\t\t\t\t\t<div class=\"e-con-inner\">\n\t\t\t\t<div class=\"elementor-element elementor-element-1735e8f elementor-widget elementor-widget-heading\" data-id=\"1735e8f\" data-element_type=\"widget\" data-e-type=\"widget\" data-widget_type=\"heading.default\">\n\t\t\t\t\t<h1 class=\"elementor-heading-title elementor-size-default\">Pr\u00e9vente des lunettes d\u2019\u00e9clipse solaire Spectrum \u2013 50 % de r\u00e9duction<\/h1>\t\t\t\t<\/div>\n\t\t\t\t<div class=\"elementor-element elementor-element-4dea700 elementor-widget-divider--view-line elementor-widget elementor-widget-divider\" data-id=\"4dea700\" data-element_type=\"widget\" data-e-type=\"widget\" data-widget_type=\"divider.default\">\n\t\t\t\t\t\t\t<div class=\"elementor-divider\">\n\t\t\t<span class=\"elementor-divider-separator\">\n\t\t\t\t\t\t<\/span>\n\t\t<\/div>\n\t\t\t\t\t\t<\/div>\n\t\t\t\t\t<\/div>\n\t\t\t\t<\/div>\n\t\t\t\t\t<\/div>\n\t\t\t\t<\/div>\n\t\t<div class=\"elementor-element elementor-element-85c32f2 e-flex e-con-boxed e-con e-parent\" data-id=\"85c32f2\" data-element_type=\"container\" data-e-type=\"container\" data-settings=\"{&quot;background_background&quot;:&quot;classic&quot;}\">\n\t\t\t\t\t<div class=\"e-con-inner\">\n\t\t<div class=\"elementor-element elementor-element-e066268 e-con-full e-flex e-con e-child\" data-id=\"e066268\" data-element_type=\"container\" data-e-type=\"container\" data-settings=\"{&quot;background_background&quot;:&quot;gradient&quot;}\">\n\t\t<div class=\"elementor-element elementor-element-74f3043 e-con-full e-flex e-con e-child\" data-id=\"74f3043\" data-element_type=\"container\" data-e-type=\"container\" data-settings=\"{&quot;background_background&quot;:&quot;classic&quot;}\">\n\t\t\t\t<div class=\"elementor-element elementor-element-aea2b6b elementor-widget elementor-widget-heading\" data-id=\"aea2b6b\" data-element_type=\"widget\" data-e-type=\"widget\" data-widget_type=\"heading.default\">\n\t\t\t\t\t<h2 class=\"elementor-heading-title elementor-size-default\">Conditions<\/h2>\t\t\t\t<\/div>\n\t\t\t\t<div class=\"elementor-element elementor-element-6c11b32 elementor-widget__width-initial elementor-widget elementor-widget-text-editor\" data-id=\"6c11b32\" data-element_type=\"widget\" data-e-type=\"widget\" data-widget_type=\"text-editor.default\">\n\t\t\t\t\t\t\t\t\t<p>R\u00e9servez d\u00e8s maintenant vos lunettes d\u2019\u00e9clipse solaire Spectrum et profitez d\u2019une r\u00e9duction exclusive de <span style=\"color: #e95900;\"><strong>50 %<\/strong><\/span> sur le prix des lunettes.<\/p><p>Payez seulement 1,50 \u20ac <span style=\"font-style: inherit; font-weight: inherit;\">par unit\u00e9<\/span> !<\/p><p>Toutes les commandes pass\u00e9es sur le site <a href=\"https:\/\/eclipseglassesspain.com\/fr\/\">eclipseglassesspain.com<\/a> sont \u00e9ligibles.<\/p><p>La promotion de pr\u00e9vente est valable jusqu&#8217;au 1er mai 2026.<\/p><p>En mai 2026, vous recevrez une notification par e-mail et message pour effectuer le paiement.<\/p><p>Une fois votre r\u00e8glement re\u00e7u, nous proc\u00e9derons \u00e0 l\u2019exp\u00e9dition de votre commande.<\/p><p>La r\u00e9duction de 50 % ne s\u2019applique pas aux frais de livraison.<\/p><p>Tous les clients qui passent une commande en pr\u00e9vente participent automatiquement aux <strong><a style=\"text-decoration: none; color: #e95900;\" href=\"https:\/\/eclipseglassesspain.com\/fr\/2020-promotions-et-tirages-au-sort\/2023-offre-speciale-n-5-pique-nique\/\">tirages au sort des paniers pique-nique Eclipse<\/a><\/strong> et au <strong><a style=\"text-decoration: none; color: #e95900;\" href=\"https:\/\/eclipseglassesspain.com\/fr\/2020-promotions-et-tirages-au-sort\/2022-promotion-n-4-gagnez\/\">programme Win-Win<\/a><\/strong>. <\/p><p>Ils peuvent \u00e9galement prendre part au concours photo \u201c<strong><a style=\"text-decoration: none; color: #e95900;\" href=\"https:\/\/eclipseglassesspain.com\/fr\/2020-promotions-et-tirages-au-sort\/2028-promotion-3-photo\/\">La meilleure photo Spectrum<\/a><\/strong>\u201d.<\/p>\t\t\t\t\t\t\t\t<\/div>\n\t\t\t\t<div class=\"elementor-element elementor-element-00a2b88 elementor-align-center elementor-widget elementor-widget-button\" data-id=\"00a2b88\" data-element_type=\"widget\" data-e-type=\"widget\" data-widget_type=\"button.default\">\n\t\t\t\t\t\t\t\t\t\t<a class=\"elementor-button elementor-button-link elementor-size-sm\" href=\"\/product\/spectrum-solar-eclipse\/\">\n\t\t\t\t\t\t<span class=\"elementor-button-content-wrapper\">\n\t\t\t\t\t\t<span class=\"elementor-button-icon\">\n\t\t\t\t<svg xmlns=\"http:\/\/www.w3.org\/2000\/svg\" width=\"16\" height=\"16\" viewBox=\"0 0 16 16\" fill=\"none\"><g clip-path=\"url(#clip0_1_325)\"><path d=\"M4.0213 0.0365602L4.0213 2.12626L12.3801 2.12626L0.289688 14.2167L1.78233 15.7093L13.8728 3.61891L13.8728 11.9777L15.9625 11.9777L15.9625 0.0365597L4.0213 0.0365602Z\" fill=\"white\"><\/path><\/g><defs><clipPath id=\"clip0_1_325\"><rect width=\"16\" height=\"16\" fill=\"white\"><\/rect><\/clipPath><\/defs><\/svg>\t\t\t<\/span>\n\t\t\t\t\t\t\t\t\t<span class=\"elementor-button-text\">Passez votre commande d\u00e8s maintenant.<\/span>\n\t\t\t\t\t<\/span>\n\t\t\t\t\t<\/a>\n\t\t\t\t\t\t\t\t<\/div>\n\t\t\t\t<\/div>\n\t\t\t\t<\/div>\n\t\t\t\t\t<\/div>\n\t\t\t\t<\/div>\n\t\t\t\t<\/div>\n\t\t","protected":false},"excerpt":{"rendered":"<p>Pr\u00e9vente des lunettes d\u2019\u00e9clipse solaire Spectrum \u2013 50 % de r\u00e9duction Conditions R\u00e9servez d\u00e8s maintenant vos lunettes d\u2019\u00e9clipse solaire Spectrum [&hellip;]<\/p>\n","protected":false},"author":3,"featured_media":0,"parent":12531,"menu_order":0,"comment_status":"closed","ping_status":"closed","template":"","meta":{"site-sidebar-layout":"no-sidebar","site-content-layout":"","ast-site-content-layout":"full-width-container","site-content-style":"default","site-sidebar-style":"default","ast-global-header-display":"","ast-banner-title-visibility":"","ast-main-header-display":"","ast-hfb-above-header-display":"","ast-hfb-below-header-display":"","ast-hfb-mobile-header-display":"","site-post-title":"disabled","ast-breadcrumbs-content":"","ast-featured-img":"disabled","footer-sml-layout":"","ast-disable-related-posts":"","theme-transparent-header-meta":"","adv-header-id-meta":"","stick-header-meta":"","header-above-stick-meta":"","header-main-stick-meta":"","header-below-stick-meta":"","astra-migrate-meta-layouts":"default","ast-page-background-enabled":"default","ast-page-background-meta":{"desktop":{"background-color":"var(--ast-global-color-5)","background-image":"","background-repeat":"repeat","background-position":"center center","background-size":"auto","background-attachment":"scroll","background-type":"","background-media":"","overlay-type":"","overlay-color":"","overlay-opacity":"","overlay-gradient":""},"tablet":{"background-color":"","background-image":"","background-repeat":"repeat","background-position":"center center","background-size":"auto","background-attachment":"scroll","background-type":"","background-media":"","overlay-type":"","overlay-color":"","overlay-opacity":"","overlay-gradient":""},"mobile":{"background-color":"","background-image":"","background-repeat":"repeat","background-position":"center center","background-size":"auto","background-attachment":"scroll","background-type":"","background-media":"","overlay-type":"","overlay-color":"","overlay-opacity":"","overlay-gradient":""}},"ast-content-background-meta":{"desktop":{"background-color":"var(--ast-global-color-4)","background-image":"","background-repeat":"repeat","background-position":"center center","background-size":"auto","background-attachment":"scroll","background-type":"","background-media":"","overlay-type":"","overlay-color":"","overlay-opacity":"","overlay-gradient":""},"tablet":{"background-color":"var(--ast-global-color-4)","background-image":"","background-repeat":"repeat","background-position":"center center","background-size":"auto","background-attachment":"scroll","background-type":"","background-media":"","overlay-type":"","overlay-color":"","overlay-opacity":"","overlay-gradient":""},"mobile":{"background-color":"var(--ast-global-color-4)","background-image":"","background-repeat":"repeat","background-position":"center center","background-size":"auto","background-attachment":"scroll","background-type":"","background-media":"","overlay-type":"","overlay-color":"","overlay-opacity":"","overlay-gradient":""}},"_glsr_average":0,"_glsr_ranking":0,"_glsr_reviews":0,"footnotes":""},"class_list":["post-12546","page","type-page","status-publish","hentry"],"_links":{"self":[{"href":"https:\/\/eclipseglassesspain.com\/fr\/wp-json\/wp\/v2\/pages\/12546","targetHints":{"allow":["GET"]}}],"collection":[{"href":"https:\/\/eclipseglassesspain.com\/fr\/wp-json\/wp\/v2\/pages"}],"about":[{"href":"https:\/\/eclipseglassesspain.com\/fr\/wp-json\/wp\/v2\/types\/page"}],"author":[{"embeddable":true,"href":"https:\/\/eclipseglassesspain.com\/fr\/wp-json\/wp\/v2\/users\/3"}],"replies":[{"embeddable":true,"href":"https:\/\/eclipseglassesspain.com\/fr\/wp-json\/wp\/v2\/comments?post=12546"}],"version-history":[{"count":5,"href":"https:\/\/eclipseglassesspain.com\/fr\/wp-json\/wp\/v2\/pages\/12546\/revisions"}],"predecessor-version":[{"id":13140,"href":"https:\/\/eclipseglassesspain.com\/fr\/wp-json\/wp\/v2\/pages\/12546\/revisions\/13140"}],"up":[{"embeddable":true,"href":"https:\/\/eclipseglassesspain.com\/fr\/wp-json\/wp\/v2\/pages\/12531"}],"wp:attachment":[{"href":"https:\/\/eclipseglassesspain.com\/fr\/wp-json\/wp\/v2\/media?parent=12546"}],"curies":[{"name":"wp","href":"https:\/\/api.w.org\/{rel}","templated":true}]}}