{"id":12619,"date":"2025-11-06T15:32:32","date_gmt":"2025-11-06T14:32:32","guid":{"rendered":"https:\/\/eclipseglassesspain.com\/2030-programme-daffiliation\/2031-faq-quest-ce-quun-programme-daffiliation\/"},"modified":"2026-04-19T16:48:44","modified_gmt":"2026-04-19T14:48:44","slug":"2031-faq-quest-ce-quun-programme-daffiliation","status":"publish","type":"page","link":"https:\/\/eclipseglassesspain.com\/fr\/2030-programme-daffiliation\/2031-faq-quest-ce-quun-programme-daffiliation\/","title":{"rendered":"2031-FAQ &#8211; Qu\u2019est-ce qu\u2019un programme d\u2019affiliation ?"},"content":{"rendered":"\t\t<div data-elementor-type=\"wp-page\" data-elementor-id=\"12619\" class=\"elementor elementor-12619 elementor-5390\" data-elementor-post-type=\"page\">\n\t\t\t\t<div class=\"elementor-element elementor-element-59be29e e-flex e-con-boxed e-con e-parent\" data-id=\"59be29e\" data-element_type=\"container\" data-e-type=\"container\" data-settings=\"{&quot;background_background&quot;:&quot;classic&quot;}\">\n\t\t\t\t\t<div class=\"e-con-inner\">\n\t\t<div class=\"elementor-element elementor-element-1d8fbd9 pge-bnr e-flex e-con-boxed e-con e-child\" data-id=\"1d8fbd9\" data-element_type=\"container\" data-e-type=\"container\">\n\t\t\t\t\t<div class=\"e-con-inner\">\n\t\t\t\t<div class=\"elementor-element elementor-element-02c0468 elementor-widget__width-inherit elementor-widget-tablet_extra__width-initial elementor-widget elementor-widget-heading\" data-id=\"02c0468\" data-element_type=\"widget\" data-e-type=\"widget\" data-widget_type=\"heading.default\">\n\t\t\t\t\t<h1 class=\"elementor-heading-title elementor-size-default\">Qu\u2019est-ce qu\u2019un programme d\u2019affiliation ?<\/h1>\t\t\t\t<\/div>\n\t\t\t\t<div class=\"elementor-element elementor-element-f43b1dd elementor-widget-divider--view-line elementor-widget elementor-widget-divider\" data-id=\"f43b1dd\" data-element_type=\"widget\" data-e-type=\"widget\" data-widget_type=\"divider.default\">\n\t\t\t\t\t\t\t<div class=\"elementor-divider\">\n\t\t\t<span class=\"elementor-divider-separator\">\n\t\t\t\t\t\t<\/span>\n\t\t<\/div>\n\t\t\t\t\t\t<\/div>\n\t\t\t\t\t<\/div>\n\t\t\t\t<\/div>\n\t\t\t\t\t<\/div>\n\t\t\t\t<\/div>\n\t\t<div class=\"elementor-element elementor-element-2cf3371 e-flex e-con-boxed e-con e-parent\" data-id=\"2cf3371\" data-element_type=\"container\" data-e-type=\"container\">\n\t\t\t\t\t<div class=\"e-con-inner\">\n\t\t<div class=\"elementor-element elementor-element-49081c3 e-flex e-con-boxed e-con e-child\" data-id=\"49081c3\" data-element_type=\"container\" data-e-type=\"container\" data-settings=\"{&quot;background_background&quot;:&quot;classic&quot;}\">\n\t\t\t\t\t<div class=\"e-con-inner\">\n\t\t\t\t<div class=\"elementor-element elementor-element-3cf252b elementor-widget__width-initial elementor-widget elementor-widget-heading\" data-id=\"3cf252b\" data-element_type=\"widget\" data-e-type=\"widget\" data-widget_type=\"heading.default\">\n\t\t\t\t\t<h2 class=\"elementor-heading-title elementor-size-default\">Recommandez les lunettes Spectrum Eclipse. Gagnez des commissions importantes.<\/h2>\t\t\t\t<\/div>\n\t\t\t\t<div class=\"elementor-element elementor-element-fc5d751 elementor-align-center elementor-widget elementor-widget-button\" data-id=\"fc5d751\" data-element_type=\"widget\" data-e-type=\"widget\" data-widget_type=\"button.default\">\n\t\t\t\t\t\t\t\t\t\t<a class=\"elementor-button elementor-button-link elementor-size-sm\" href=\"https:\/\/eclipseglassesspain.com\/fr\/2030-programme-daffiliation\/2036-inscription-des-affilies\/\">\n\t\t\t\t\t\t<span class=\"elementor-button-content-wrapper\">\n\t\t\t\t\t\t<span class=\"elementor-button-icon\">\n\t\t\t\t<svg xmlns=\"http:\/\/www.w3.org\/2000\/svg\" width=\"16\" height=\"16\" viewBox=\"0 0 16 16\" fill=\"none\"><g clip-path=\"url(#clip0_1_325)\"><path d=\"M4.0213 0.0365602L4.0213 2.12626L12.3801 2.12626L0.289688 14.2167L1.78233 15.7093L13.8728 3.61891L13.8728 11.9777L15.9625 11.9777L15.9625 0.0365597L4.0213 0.0365602Z\" fill=\"white\"><\/path><\/g><defs><clipPath id=\"clip0_1_325\"><rect width=\"16\" height=\"16\" fill=\"white\"><\/rect><\/clipPath><\/defs><\/svg>\t\t\t<\/span>\n\t\t\t\t\t\t\t\t\t<span class=\"elementor-button-text\">Inscrivez-vous d\u00e8s maintenant<\/span>\n\t\t\t\t\t<\/span>\n\t\t\t\t\t<\/a>\n\t\t\t\t\t\t\t\t<\/div>\n\t\t\t\t\t<\/div>\n\t\t\t\t<\/div>\n\t\t\t\t\t<\/div>\n\t\t\t\t<\/div>\n\t\t<div class=\"elementor-element elementor-element-ef1bdaa e-flex e-con-boxed e-con e-parent\" data-id=\"ef1bdaa\" data-element_type=\"container\" data-e-type=\"container\">\n\t\t\t\t\t<div class=\"e-con-inner\">\n\t\t\t\t<div class=\"elementor-element elementor-element-0b6b0e0 elementor-widget__width-initial elementor-widget elementor-widget-text-editor\" data-id=\"0b6b0e0\" data-element_type=\"widget\" data-e-type=\"widget\" data-widget_type=\"text-editor.default\">\n\t\t\t\t\t\t\t\t\t<p>Un programme d\u2019affiliation est une strat\u00e9gie de marketing \u00e0 la performance qui permet \u00e0 des particuliers ou des entreprises (appel\u00e9s affili\u00e9s) de promouvoir les produits ou services d\u2019une marque en \u00e9change d\u2019une commission pour chaque vente ou action g\u00e9n\u00e9r\u00e9e. Ce mod\u00e8le repose sur une relation gagnant-gagnant :<br> les affili\u00e9s utilisent leurs propres canaux en ligne \u2014 comme des sites web, blogs, r\u00e9seaux sociaux ou newsletters \u2014 pour diriger un trafic qualifi\u00e9 vers le site de la marque ou ses pages de destination.<br> <\/p><p> <\/p><p>An affiliate program tracks the traffic generated by each affiliate through unique links or codes, ensuring accurate attribution of sales or leads. When a user clicks on an affiliate&#8217;s link and completes a desired action, such as making a purchase or filling out a form, the affiliate earns a commission based on a predetermined percentage or fixed amount. <\/p>\t\t\t\t\t\t\t\t<\/div>\n\t\t\t\t\t<\/div>\n\t\t\t\t<\/div>\n\t\t<div class=\"elementor-element elementor-element-2d1efcd e-flex e-con-boxed e-con e-parent\" data-id=\"2d1efcd\" data-element_type=\"container\" data-e-type=\"container\" data-settings=\"{&quot;background_background&quot;:&quot;classic&quot;}\">\n\t\t\t\t\t<div class=\"e-con-inner\">\n\t\t<div class=\"elementor-element elementor-element-412988c e-flex e-con-boxed e-con e-child\" data-id=\"412988c\" data-element_type=\"container\" data-e-type=\"container\" data-settings=\"{&quot;background_background&quot;:&quot;gradient&quot;}\">\n\t\t\t\t\t<div class=\"e-con-inner\">\n\t\t<div class=\"elementor-element elementor-element-d4275d7 e-flex e-con-boxed e-con e-child\" data-id=\"d4275d7\" data-element_type=\"container\" data-e-type=\"container\" data-settings=\"{&quot;background_background&quot;:&quot;classic&quot;}\">\n\t\t\t\t\t<div class=\"e-con-inner\">\n\t\t\t\t<div class=\"elementor-element elementor-element-e3ffd64 elementor-widget elementor-widget-image\" data-id=\"e3ffd64\" data-element_type=\"widget\" data-e-type=\"widget\" data-widget_type=\"image.default\">\n\t\t\t\t\t\t\t\t\t\t\t\t\t\t\t<img fetchpriority=\"high\" decoding=\"async\" width=\"1024\" height=\"329\" src=\"https:\/\/eclipseglassesspain.com\/wp-content\/uploads\/2026\/02\/eclipseglassesspain_spectrum_2031_affiliate_program_001-1024x329.webp\" class=\"attachment-large size-large wp-image-12618\" alt=\"Personnes apprenant les ventes en ligne et le marketing d\u2019affiliation sur un \u00e9cran d\u2019ordinateur.\" srcset=\"https:\/\/eclipseglassesspain.com\/wp-content\/uploads\/2026\/02\/eclipseglassesspain_spectrum_2031_affiliate_program_001-1024x329.webp 1024w, https:\/\/eclipseglassesspain.com\/wp-content\/uploads\/2026\/02\/eclipseglassesspain_spectrum_2031_affiliate_program_001-300x96.webp 300w, https:\/\/eclipseglassesspain.com\/wp-content\/uploads\/2026\/02\/eclipseglassesspain_spectrum_2031_affiliate_program_001-768x247.webp 768w, https:\/\/eclipseglassesspain.com\/wp-content\/uploads\/2026\/02\/eclipseglassesspain_spectrum_2031_affiliate_program_001-600x193.webp 600w, https:\/\/eclipseglassesspain.com\/wp-content\/uploads\/2026\/02\/eclipseglassesspain_spectrum_2031_affiliate_program_001.webp 1400w\" sizes=\"(max-width: 1024px) 100vw, 1024px\" \/>\t\t\t\t\t\t\t\t\t\t\t\t\t\t\t<\/div>\n\t\t\t\t\t<\/div>\n\t\t\t\t<\/div>\n\t\t<div class=\"elementor-element elementor-element-a12c74d e-con-full e-flex e-con e-child\" data-id=\"a12c74d\" data-element_type=\"container\" data-e-type=\"container\" data-settings=\"{&quot;background_background&quot;:&quot;classic&quot;}\">\n\t\t\t\t<div class=\"elementor-element elementor-element-d0247e6 elementor-widget__width-initial elementor-widget elementor-widget-text-editor\" data-id=\"d0247e6\" data-element_type=\"widget\" data-e-type=\"widget\" data-widget_type=\"text-editor.default\">\n\t\t\t\t\t\t\t\t\t<p>Les programmes d\u2019affiliation sont une strat\u00e9gie marketing rentable. Ils offrent un moyen \u00e9volutif d\u2019\u00e9largir la port\u00e9e, d\u2019accro\u00eetre la notori\u00e9t\u00e9 de la marque et de stimuler les ventes sans co\u00fbts marketing initiaux. Les affili\u00e9s, de leur c\u00f4t\u00e9, b\u00e9n\u00e9ficient d\u2019une source fiable de revenus passifs en promouvant des produits ou services auxquels ils croient et qui correspondent aux int\u00e9r\u00eats de leur audience. Le succ\u00e8s d\u2019un programme d\u2019affiliation repose sur l\u2019\u00e9tablissement de relations solides avec les affili\u00e9s, la mise \u00e0 leur disposition des ressources et du soutien n\u00e9cessaires, ainsi que sur l\u2019offre de structures de commissions comp\u00e9titives.   <\/p>\t\t\t\t\t\t\t\t<\/div>\n\t\t\t\t<\/div>\n\t\t\t\t\t<\/div>\n\t\t\t\t<\/div>\n\t\t\t\t\t<\/div>\n\t\t\t\t<\/div>\n\t\t<div class=\"elementor-element elementor-element-420fa11 e-con-full e-flex e-con e-parent\" data-id=\"420fa11\" data-element_type=\"container\" data-e-type=\"container\" data-settings=\"{&quot;background_background&quot;:&quot;classic&quot;}\">\n\t\t<div class=\"elementor-element elementor-element-98284b1 e-flex e-con-boxed e-con e-child\" data-id=\"98284b1\" data-element_type=\"container\" data-e-type=\"container\">\n\t\t\t\t\t<div class=\"e-con-inner\">\n\t\t<div class=\"elementor-element elementor-element-4ddc01a e-con-full e-flex e-con e-child\" data-id=\"4ddc01a\" data-element_type=\"container\" data-e-type=\"container\">\n\t\t\t\t<div class=\"elementor-element elementor-element-9724244 elementor-widget elementor-widget-image\" data-id=\"9724244\" data-element_type=\"widget\" data-e-type=\"widget\" data-widget_type=\"image.default\">\n\t\t\t\t\t\t\t\t\t\t\t\t\t\t\t<img decoding=\"async\" width=\"369\" height=\"263\" src=\"https:\/\/eclipseglassesspain.com\/wp-content\/uploads\/2026\/02\/eclipseglassesspain_spectrum_2030_affiliate_program_CTA.webp\" class=\"attachment-large size-large wp-image-12611\" alt=\"Partenaire souriant tenant de l\u2019argent, encourageant les utilisateurs \u00e0 rejoindre le programme d\u2019affiliation Spectrum et \u00e0 gagner des commissions.\" srcset=\"https:\/\/eclipseglassesspain.com\/wp-content\/uploads\/2026\/02\/eclipseglassesspain_spectrum_2030_affiliate_program_CTA.webp 369w, https:\/\/eclipseglassesspain.com\/wp-content\/uploads\/2026\/02\/eclipseglassesspain_spectrum_2030_affiliate_program_CTA-300x214.webp 300w\" sizes=\"(max-width: 369px) 100vw, 369px\" \/>\t\t\t\t\t\t\t\t\t\t\t\t\t\t\t<\/div>\n\t\t\t\t<\/div>\n\t\t<div class=\"elementor-element elementor-element-bcacfef e-con-full e-flex e-con e-child\" data-id=\"bcacfef\" data-element_type=\"container\" data-e-type=\"container\">\n\t\t\t\t<div class=\"elementor-element elementor-element-7b52844 elementor-widget elementor-widget-heading\" data-id=\"7b52844\" data-element_type=\"widget\" data-e-type=\"widget\" data-widget_type=\"heading.default\">\n\t\t\t\t\t<h2 class=\"elementor-heading-title elementor-size-default\">Recommandez les lunettes Spectrum Eclipse.<\/h2>\t\t\t\t<\/div>\n\t\t\t\t<div class=\"elementor-element elementor-element-bdb381f elementor-widget elementor-widget-heading\" data-id=\"bdb381f\" data-element_type=\"widget\" data-e-type=\"widget\" data-widget_type=\"heading.default\">\n\t\t\t\t\t<h2 class=\"elementor-heading-title elementor-size-default\">Gagnez des commissions importantes<\/h2>\t\t\t\t<\/div>\n\t\t\t\t<div class=\"elementor-element elementor-element-736e86a elementor-align-center elementor-widget elementor-widget-button\" data-id=\"736e86a\" data-element_type=\"widget\" data-e-type=\"widget\" data-widget_type=\"button.default\">\n\t\t\t\t\t\t\t\t\t\t<a class=\"elementor-button elementor-button-link elementor-size-sm\" href=\"https:\/\/eclipseglassesspain.com\/fr\/2030-programme-daffiliation\/2036-inscription-des-affilies\/\">\n\t\t\t\t\t\t<span class=\"elementor-button-content-wrapper\">\n\t\t\t\t\t\t<span class=\"elementor-button-icon\">\n\t\t\t\t<svg xmlns=\"http:\/\/www.w3.org\/2000\/svg\" width=\"16\" height=\"16\" viewBox=\"0 0 16 16\" fill=\"none\"><g clip-path=\"url(#clip0_1_325)\"><path d=\"M4.0213 0.0365602L4.0213 2.12626L12.3801 2.12626L0.289688 14.2167L1.78233 15.7093L13.8728 3.61891L13.8728 11.9777L15.9625 11.9777L15.9625 0.0365597L4.0213 0.0365602Z\" fill=\"white\"><\/path><\/g><defs><clipPath id=\"clip0_1_325\"><rect width=\"16\" height=\"16\" fill=\"white\"><\/rect><\/clipPath><\/defs><\/svg>\t\t\t<\/span>\n\t\t\t\t\t\t\t\t\t<span class=\"elementor-button-text\">Inscrivez-vous d\u00e8s maintenant<\/span>\n\t\t\t\t\t<\/span>\n\t\t\t\t\t<\/a>\n\t\t\t\t\t\t\t\t<\/div>\n\t\t\t\t<\/div>\n\t\t\t\t\t<\/div>\n\t\t\t\t<\/div>\n\t\t\t\t<\/div>\n\t\t\t\t<\/div>\n\t\t","protected":false},"excerpt":{"rendered":"<p>Qu\u2019est-ce qu\u2019un programme d\u2019affiliation ? Recommandez les lunettes Spectrum Eclipse. Gagnez des commissions importantes. Inscrivez-vous d\u00e8s maintenant Un programme d\u2019affiliation [&hellip;]<\/p>\n","protected":false},"author":3,"featured_media":0,"parent":12612,"menu_order":0,"comment_status":"closed","ping_status":"closed","template":"elementor_header_footer","meta":{"site-sidebar-layout":"no-sidebar","site-content-layout":"","ast-site-content-layout":"full-width-container","site-content-style":"default","site-sidebar-style":"default","ast-global-header-display":"","ast-banner-title-visibility":"","ast-main-header-display":"","ast-hfb-above-header-display":"","ast-hfb-below-header-display":"","ast-hfb-mobile-header-display":"","site-post-title":"","ast-breadcrumbs-content":"","ast-featured-img":"disabled","footer-sml-layout":"","ast-disable-related-posts":"","theme-transparent-header-meta":"","adv-header-id-meta":"","stick-header-meta":"","header-above-stick-meta":"","header-main-stick-meta":"","header-below-stick-meta":"","astra-migrate-meta-layouts":"default","ast-page-background-enabled":"default","ast-page-background-meta":{"desktop":{"background-color":"var(--ast-global-color-5)","background-image":"","background-repeat":"repeat","background-position":"center center","background-size":"auto","background-attachment":"scroll","background-type":"","background-media":"","overlay-type":"","overlay-color":"","overlay-opacity":"","overlay-gradient":""},"tablet":{"background-color":"","background-image":"","background-repeat":"repeat","background-position":"center center","background-size":"auto","background-attachment":"scroll","background-type":"","background-media":"","overlay-type":"","overlay-color":"","overlay-opacity":"","overlay-gradient":""},"mobile":{"background-color":"","background-image":"","background-repeat":"repeat","background-position":"center center","background-size":"auto","background-attachment":"scroll","background-type":"","background-media":"","overlay-type":"","overlay-color":"","overlay-opacity":"","overlay-gradient":""}},"ast-content-background-meta":{"desktop":{"background-color":"var(--ast-global-color-4)","background-image":"","background-repeat":"repeat","background-position":"center center","background-size":"auto","background-attachment":"scroll","background-type":"","background-media":"","overlay-type":"","overlay-color":"","overlay-opacity":"","overlay-gradient":""},"tablet":{"background-color":"var(--ast-global-color-4)","background-image":"","background-repeat":"repeat","background-position":"center center","background-size":"auto","background-attachment":"scroll","background-type":"","background-media":"","overlay-type":"","overlay-color":"","overlay-opacity":"","overlay-gradient":""},"mobile":{"background-color":"var(--ast-global-color-4)","background-image":"","background-repeat":"repeat","background-position":"center center","background-size":"auto","background-attachment":"scroll","background-type":"","background-media":"","overlay-type":"","overlay-color":"","overlay-opacity":"","overlay-gradient":""}},"_glsr_average":0,"_glsr_ranking":0,"_glsr_reviews":0,"footnotes":""},"class_list":["post-12619","page","type-page","status-publish","hentry"],"_links":{"self":[{"href":"https:\/\/eclipseglassesspain.com\/fr\/wp-json\/wp\/v2\/pages\/12619","targetHints":{"allow":["GET"]}}],"collection":[{"href":"https:\/\/eclipseglassesspain.com\/fr\/wp-json\/wp\/v2\/pages"}],"about":[{"href":"https:\/\/eclipseglassesspain.com\/fr\/wp-json\/wp\/v2\/types\/page"}],"author":[{"embeddable":true,"href":"https:\/\/eclipseglassesspain.com\/fr\/wp-json\/wp\/v2\/users\/3"}],"replies":[{"embeddable":true,"href":"https:\/\/eclipseglassesspain.com\/fr\/wp-json\/wp\/v2\/comments?post=12619"}],"version-history":[{"count":3,"href":"https:\/\/eclipseglassesspain.com\/fr\/wp-json\/wp\/v2\/pages\/12619\/revisions"}],"predecessor-version":[{"id":12666,"href":"https:\/\/eclipseglassesspain.com\/fr\/wp-json\/wp\/v2\/pages\/12619\/revisions\/12666"}],"up":[{"embeddable":true,"href":"https:\/\/eclipseglassesspain.com\/fr\/wp-json\/wp\/v2\/pages\/12612"}],"wp:attachment":[{"href":"https:\/\/eclipseglassesspain.com\/fr\/wp-json\/wp\/v2\/media?parent=12619"}],"curies":[{"name":"wp","href":"https:\/\/api.w.org\/{rel}","templated":true}]}}