{"id":14640,"date":"2025-12-16T16:35:01","date_gmt":"2025-12-16T16:35:01","guid":{"rendered":"https:\/\/eclipseglassesspain.com\/product\/lunettes-declipse-solaire-spectrum-conformes-a-la-norme-iso-12312-22015-et-certifiees-ce\/"},"modified":"2025-12-16T16:35:01","modified_gmt":"2025-12-16T15:35:01","slug":"lunettes-declipse-solaire-spectrum-conformes-a-la-norme-iso-12312-22015-et-certifiees-ce","status":"publish","type":"product","link":"https:\/\/eclipseglassesspain.com\/fr\/produit\/lunettes-declipse-solaire-spectrum-conformes-a-la-norme-iso-12312-22015-et-certifiees-ce\/","title":{"rendered":"Lunettes d\u2019\u00e9clipse solaire Spectrum conformes \u00e0 la norme ISO 12312-2:2015 et certifi\u00e9es CE"},"content":{"rendered":"<p style=\"margin-bottom: 10px!important;\"><span style=\"font-weight: 400;\">La prochaine \u00e9clipse solaire totale aura lieu le 12 ao\u00fbt 2026 en Espagne. Avec les lunettes d\u2019\u00e9clipse Spectrum\u2122, vous pouvez  <\/span><span style=\"font-weight: 400;\">profiter du spectacle<\/span> <span style=\"font-weight: 400;\">en toute s\u00e9curit\u00e9 et s\u00e9r\u00e9nit\u00e9.<\/span><\/p>\n<ul>\n<li style=\"font-weight: 400;\" aria-level=\"1\"><span style=\"font-weight: 400;\">Observez les \u00e9clipses solaires en toute s\u00e9curit\u00e9 avec nos lunettes d\u2019\u00e9clipse. Elles offrent une image solaire nette et naturelle aux tons orange vif. <\/span><\/li>\n<li style=\"font-weight: 400;\" aria-level=\"1\"><b>S\u00e9curit\u00e9 certifi\u00e9e<\/b> \u2013 <span style=\"font-weight: 400;\">Nos lunettes d\u2019\u00e9clipse sont certifi\u00e9es ISO 12312-2:2015 et conformes aux normes de l\u2019UE (voir les certifications sur les images) pour l\u2019observation directe du soleil.<\/span><\/li>\n<li style=\"font-weight: 400;\" aria-level=\"1\"><b>Filtre la lumi\u00e8re nocive.<\/b><span style=\"font-weight: 400;\"> Nos lunettes d\u2019\u00e9clipse solaire utilisent une technologie de filtration qui bloque 100 % des rayons UV nocifs, 100 % des rayonnements infrarouges et 99,99 % de la lumi\u00e8re visible. <\/span><\/li>\n<li style=\"font-weight: 400;\" aria-level=\"1\"><b>Biod\u00e9gradable<\/b><span style=\"font-weight: 400;\">: les lunettes d\u2019\u00e9clipse Spectrum sont fabriqu\u00e9es \u00e0 partir de 70 % de fibres de papier recycl\u00e9. Nos lunettes constituent un choix \u00e9cologique pour les passionn\u00e9s soucieux de l\u2019environnement. <\/span><\/li>\n<li style=\"font-weight: 400;\" aria-level=\"1\"><b>Taille unique<\/b><span style=\"font-weight: 400;\"> : les lunettes d\u2019\u00e9clipse Spectrum s\u2019adaptent \u00e0 diff\u00e9rentes formes et tailles de visage, assurant un ajustement confortable pour les adultes et les adolescents. Elles sont l\u00e9g\u00e8res et agr\u00e9ables \u00e0 porter, m\u00eame lors d\u2019une utilisation prolong\u00e9e. <\/span><\/li>\n<li style=\"font-weight: 400;\" aria-level=\"1\"><span style=\"font-weight: 400;\">Veuillez respecter scrupuleusement les <a style=\"color: #e95900;\" href=\"https:\/\/eclipseglassesspain.com\/fr\/comment-utiliser-lunettes-eclipse-en-toute-securite\/\" target=\"_blank\" rel=\"noopener\">consignes de s\u00e9curit\u00e9<\/a> <img decoding=\"async\" class=\"alignnone wp-image-10834\" src=\"https:\/\/eclipseglassesspain.com\/wp-content\/uploads\/2026\/02\/eclipseglassesspain_icons_new_window_40x40.webp\" alt=\"\" width=\"20\" height=\"20\"\/>.<\/span><\/li>\n<\/ul>\n","protected":false},"excerpt":{"rendered":"<p>La prochaine \u00e9clipse solaire totale aura lieu le 12 ao\u00fbt 2026 en Espagne. Avec les lunettes d\u2019\u00e9clipse Spectrum\u2122, vous pouvez [&hellip;]<\/p>\n","protected":false},"featured_media":0,"comment_status":"open","ping_status":"closed","template":"","meta":{"site-sidebar-layout":"default","site-content-layout":"","ast-site-content-layout":"full-width-container","site-content-style":"default","site-sidebar-style":"default","ast-global-header-display":"","ast-banner-title-visibility":"","ast-main-header-display":"","ast-hfb-above-header-display":"","ast-hfb-below-header-display":"","ast-hfb-mobile-header-display":"","site-post-title":"","ast-breadcrumbs-content":"","ast-featured-img":"","footer-sml-layout":"","ast-disable-related-posts":"","theme-transparent-header-meta":"default","adv-header-id-meta":"","stick-header-meta":"","header-above-stick-meta":"","header-main-stick-meta":"","header-below-stick-meta":"","astra-migrate-meta-layouts":"default","ast-page-background-enabled":"default","ast-page-background-meta":{"desktop":{"background-color":"var(--ast-global-color-5)","background-image":"","background-repeat":"repeat","background-position":"center center","background-size":"auto","background-attachment":"scroll","background-type":"","background-media":"","overlay-type":"","overlay-color":"","overlay-opacity":"","overlay-gradient":""},"tablet":{"background-color":"","background-image":"","background-repeat":"repeat","background-position":"center center","background-size":"auto","background-attachment":"scroll","background-type":"","background-media":"","overlay-type":"","overlay-color":"","overlay-opacity":"","overlay-gradient":""},"mobile":{"background-color":"","background-image":"","background-repeat":"repeat","background-position":"center center","background-size":"auto","background-attachment":"scroll","background-type":"","background-media":"","overlay-type":"","overlay-color":"","overlay-opacity":"","overlay-gradient":""}},"ast-content-background-meta":{"desktop":{"background-color":"var(--ast-global-color-4)","background-image":"","background-repeat":"repeat","background-position":"center center","background-size":"auto","background-attachment":"scroll","background-type":"","background-media":"","overlay-type":"","overlay-color":"","overlay-opacity":"","overlay-gradient":""},"tablet":{"background-color":"var(--ast-global-color-4)","background-image":"","background-repeat":"repeat","background-position":"center center","background-size":"auto","background-attachment":"scroll","background-type":"","background-media":"","overlay-type":"","overlay-color":"","overlay-opacity":"","overlay-gradient":""},"mobile":{"background-color":"var(--ast-global-color-4)","background-image":"","background-repeat":"repeat","background-position":"center center","background-size":"auto","background-attachment":"scroll","background-type":"","background-media":"","overlay-type":"","overlay-color":"","overlay-opacity":"","overlay-gradient":""}},"_glsr_average":0,"_glsr_ranking":0,"_glsr_reviews":0},"product_brand":[],"product_cat":[70],"product_tag":[],"class_list":{"0":"post-14640","1":"product","2":"type-product","3":"status-publish","5":"product_cat-uncategorized","6":"desktop-align-left","7":"tablet-align-left","8":"mobile-align-left","10":"first","11":"instock","12":"taxable","13":"shipping-taxable","14":"purchasable","15":"product-type-simple"},"_links":{"self":[{"href":"https:\/\/eclipseglassesspain.com\/fr\/wp-json\/wp\/v2\/product\/14640","targetHints":{"allow":["GET"]}}],"collection":[{"href":"https:\/\/eclipseglassesspain.com\/fr\/wp-json\/wp\/v2\/product"}],"about":[{"href":"https:\/\/eclipseglassesspain.com\/fr\/wp-json\/wp\/v2\/types\/product"}],"replies":[{"embeddable":true,"href":"https:\/\/eclipseglassesspain.com\/fr\/wp-json\/wp\/v2\/comments?post=14640"}],"wp:attachment":[{"href":"https:\/\/eclipseglassesspain.com\/fr\/wp-json\/wp\/v2\/media?parent=14640"}],"wp:term":[{"taxonomy":"product_brand","embeddable":true,"href":"https:\/\/eclipseglassesspain.com\/fr\/wp-json\/wp\/v2\/product_brand?post=14640"},{"taxonomy":"product_cat","embeddable":true,"href":"https:\/\/eclipseglassesspain.com\/fr\/wp-json\/wp\/v2\/product_cat?post=14640"},{"taxonomy":"product_tag","embeddable":true,"href":"https:\/\/eclipseglassesspain.com\/fr\/wp-json\/wp\/v2\/product_tag?post=14640"}],"curies":[{"name":"wp","href":"https:\/\/api.w.org\/{rel}","templated":true}]}}