{"id":12843,"date":"2025-10-13T16:54:39","date_gmt":"2025-10-13T14:54:39","guid":{"rendered":"https:\/\/eclipseglassesspain.com\/2017-politica-di-spedizione\/"},"modified":"2026-04-27T18:49:22","modified_gmt":"2026-04-27T16:49:22","slug":"2017-politica-di-spedizione","status":"publish","type":"page","link":"https:\/\/eclipseglassesspain.com\/it\/2017-politica-di-spedizione\/","title":{"rendered":"2017-Politica di Spedizione"},"content":{"rendered":"\t\t<div data-elementor-type=\"wp-page\" data-elementor-id=\"12843\" class=\"elementor elementor-12843 elementor-3253\" data-elementor-post-type=\"page\">\n\t\t\t\t<div class=\"elementor-element elementor-element-00f5dc2 e-flex e-con-boxed e-con e-parent\" data-id=\"00f5dc2\" data-element_type=\"container\" data-e-type=\"container\" data-settings=\"{&quot;background_background&quot;:&quot;classic&quot;}\">\n\t\t\t\t\t<div class=\"e-con-inner\">\n\t\t<div class=\"elementor-element elementor-element-41dcf93 pge-bnr e-flex e-con-boxed e-con e-child\" data-id=\"41dcf93\" data-element_type=\"container\" data-e-type=\"container\">\n\t\t\t\t\t<div class=\"e-con-inner\">\n\t\t\t\t<div class=\"elementor-element elementor-element-b3c8dbe elementor-widget elementor-widget-heading\" data-id=\"b3c8dbe\" data-element_type=\"widget\" data-e-type=\"widget\" data-widget_type=\"heading.default\">\n\t\t\t\t\t<h1 class=\"elementor-heading-title elementor-size-default\">Politica di Spedizione di Spectrum<\/h1>\t\t\t\t<\/div>\n\t\t\t\t<div class=\"elementor-element elementor-element-0c318bf elementor-widget-divider--view-line elementor-widget elementor-widget-divider\" data-id=\"0c318bf\" data-element_type=\"widget\" data-e-type=\"widget\" data-widget_type=\"divider.default\">\n\t\t\t\t\t\t\t<div class=\"elementor-divider\">\n\t\t\t<span class=\"elementor-divider-separator\">\n\t\t\t\t\t\t<\/span>\n\t\t<\/div>\n\t\t\t\t\t\t<\/div>\n\t\t\t\t\t<\/div>\n\t\t\t\t<\/div>\n\t\t\t\t\t<\/div>\n\t\t\t\t<\/div>\n\t\t<div class=\"elementor-element elementor-element-2e5ae7c e-flex e-con-boxed e-con e-parent\" data-id=\"2e5ae7c\" data-element_type=\"container\" data-e-type=\"container\">\n\t\t\t\t\t<div class=\"e-con-inner\">\n\t\t<div class=\"elementor-element elementor-element-1f744d9 e-con-full e-flex e-con e-child\" data-id=\"1f744d9\" data-element_type=\"container\" data-e-type=\"container\">\n\t\t\t\t<div class=\"elementor-element elementor-element-9e575a6 elementor-widget elementor-widget-heading\" data-id=\"9e575a6\" data-element_type=\"widget\" data-e-type=\"widget\" data-widget_type=\"heading.default\">\n\t\t\t\t\t<h2 class=\"elementor-heading-title elementor-size-default\">1. Metodi di spedizione e tracciamento<\/h2>\t\t\t\t<\/div>\n\t\t\t\t<div class=\"elementor-element elementor-element-8b05752 elementor-widget-tablet_extra__width-initial elementor-widget elementor-widget-text-editor\" data-id=\"8b05752\" data-element_type=\"widget\" data-e-type=\"widget\" data-widget_type=\"text-editor.default\">\n\t\t\t\t\t\t\t\t\t<p>Utilizziamo Correos de Espa\u00f1a come principale servizio di spedizione per tutti gli ordini.<\/p><p>Gli ordini vengono spediti in buste imbottite o in scatole di cartone rigido appositamente progettate per Spectrum Eclipse Glasses, per garantire che gli occhiali arrivino in perfette condizioni.<\/p><p>Tutte le spedizioni sono tracciabili e includono un numero di tracking.<\/p><p>Non appena il tuo ordine sar\u00e0 affidato al corriere, riceverai un codice di tracciamento che ti permetter\u00e0 di verificare in qualsiasi momento lo stato della spedizione e la data stimata di consegna.<\/p><p>Riceverai inoltre un\u2019e-mail con il numero di tracking e un link diretto per monitorare l\u2019avanzamento del tuo ordine.<\/p>\t\t\t\t\t\t\t\t<\/div>\n\t\t\t\t<div class=\"elementor-element elementor-element-67c7b6d elementor-widget elementor-widget-heading\" data-id=\"67c7b6d\" data-element_type=\"widget\" data-e-type=\"widget\" data-widget_type=\"heading.default\">\n\t\t\t\t\t<h2 class=\"elementor-heading-title elementor-size-default\">2. Costi di spedizione<\/h2>\t\t\t\t<\/div>\n\t\t\t\t<div class=\"elementor-element elementor-element-74d4221 elementor-widget-tablet_extra__width-initial elementor-widget elementor-widget-text-editor\" data-id=\"74d4221\" data-element_type=\"widget\" data-e-type=\"widget\" data-widget_type=\"text-editor.default\">\n\t\t\t\t\t\t\t\t\t(Una tabella sar\u00e0 inclusa in base alla zona di destinazione, indicando il peso o la quantit\u00e0 di occhiali e il relativo costo.)\n\nPer i Paesi fuori dall\u2019Unione Europea (come Messico, Argentina, Stati Uniti, Brasile, Svizzera, Andorra, ecc.) e per isole o regioni speciali dell\u2019UE (come Isole Canarie o Madeira), utilizziamo un servizio di consegna porta a porta. I dazi doganali e l&#8217;IVA <span style=\"color: #e95900;\"><strong>non <\/strong><\/span>sono inclusi. \n\nIl peso massimo consentito per le spedizioni internazionali \u00e8 di 60 kg per singolo invio.<br> Se l\u2019ordine supera questo limite, verr\u00e0 suddiviso in pi\u00f9 spedizioni, e il cliente dovr\u00e0 coprire l\u2019eventuale differenza di costo. \n\nPer domande relative alle spedizioni internazionali o verso le Isole Canarie, contattaci: ti forniremo un preventivo personalizzato e ti aiuteremo a scegliere l\u2019opzione di spedizione pi\u00f9 conveniente. \t\t\t\t\t\t\t\t<\/div>\n\t\t\t\t<div class=\"elementor-element elementor-element-b4c422a elementor-widget elementor-widget-heading\" data-id=\"b4c422a\" data-element_type=\"widget\" data-e-type=\"widget\" data-widget_type=\"heading.default\">\n\t\t\t\t\t<h2 class=\"elementor-heading-title elementor-size-default\">3. Elaborazione degli ordini<\/h2>\t\t\t\t<\/div>\n\t\t\t\t<div class=\"elementor-element elementor-element-dfeb3b0 elementor-widget-tablet_extra__width-initial elementor-widget elementor-widget-text-editor\" data-id=\"dfeb3b0\" data-element_type=\"widget\" data-e-type=\"widget\" data-widget_type=\"text-editor.default\">\n\t\t\t\t\t\t\t\t\t<p>Gli ordini vengono normalmente spediti entro 1\u20132 giorni lavorativi dalla ricezione del pagamento. Questo tempo di preparazione va aggiunto ai tempi di consegna, poich\u00e9 ogni ordine viene imballato e etichettato manualmente per garantirne la massima cura.  <\/p>\t\t\t\t\t\t\t\t<\/div>\n\t\t\t\t<div class=\"elementor-element elementor-element-82106ba elementor-widget elementor-widget-heading\" data-id=\"82106ba\" data-element_type=\"widget\" data-e-type=\"widget\" data-widget_type=\"heading.default\">\n\t\t\t\t\t<h2 class=\"elementor-heading-title elementor-size-default\">4. Tempi di consegna<\/h2>\t\t\t\t<\/div>\n\t\t\t\t<div class=\"elementor-element elementor-element-b4e67f9 elementor-widget elementor-widget-heading\" data-id=\"b4e67f9\" data-element_type=\"widget\" data-e-type=\"widget\" data-widget_type=\"heading.default\">\n\t\t\t\t\t<h2 class=\"elementor-heading-title elementor-size-default\">5. Ordini smarriti<\/h2>\t\t\t\t<\/div>\n\t\t\t\t<div class=\"elementor-element elementor-element-dadd2c9 elementor-widget-tablet_extra__width-initial elementor-widget elementor-widget-text-editor\" data-id=\"dadd2c9\" data-element_type=\"widget\" data-e-type=\"widget\" data-widget_type=\"text-editor.default\">\n\t\t\t\t\t\t\t\t\t<p>Se il tuo ordine non \u00e8 arrivato a destinazione, siamo qui per aiutarti a risolvere il problema!<\/p><p>Verifica l\u2019e-mail di conferma della spedizione e controlla che l\u2019indirizzo di consegna sia corretto. Se l\u2019indirizzo era errato, saremo felici di rispedire l\u2019ordine alla destinazione corretta, ma le spese di spedizione aggiuntive saranno a tuo carico.  <\/p><p>Se l\u2019indirizzo di spedizione era corretto, contattaci indicando il numero del tuo ordine. Ci occuperemo di trovare una soluzione il prima possibile. <\/p>\t\t\t\t\t\t\t\t<\/div>\n\t\t\t\t<div class=\"elementor-element elementor-element-2874c40 elementor-widget elementor-widget-heading\" data-id=\"2874c40\" data-element_type=\"widget\" data-e-type=\"widget\" data-widget_type=\"heading.default\">\n\t\t\t\t\t<h2 class=\"elementor-heading-title elementor-size-default\">6. Prodotti danneggiati<\/h2>\t\t\t\t<\/div>\n\t\t\t\t<div class=\"elementor-element elementor-element-e52df7f elementor-widget-tablet_extra__width-initial elementor-widget elementor-widget-text-editor\" data-id=\"e52df7f\" data-element_type=\"widget\" data-e-type=\"widget\" data-widget_type=\"text-editor.default\">\n\t\t\t\t\t\t\t\t\t<p>Ci impegniamo affinch\u00e9 tu riceva i tuoi occhiali in condizioni perfette.<br> Tuttavia, se il prodotto dovesse arrivare danneggiato durante il trasporto, contattaci immediatamente e fornisci le seguenti informazioni: <\/p><ul><li><span style=\"color: #000000;\"><strong>Foto del prodotto all\u2019interno dell\u2019imballaggio interno<\/strong><\/span>: l\u2019immagine deve mostrare chiaramente che il pacco ha protetto il contenuto durante il trasporto. Il prodotto danneggiato deve apparire ancora all\u2019interno dell\u2019imballaggio, come \u00e8 stato ricevuto. <\/li><li><span style=\"color: #000000;\"><strong>Foto dell\u2019imballaggio esterno, inclusa l\u2019etichetta di spedizione del corriere: <\/strong><\/span>l\u2019immagine deve essere chiara e mostrare i dati leggibili sull\u2019etichetta, per confermare che la spedizione \u00e8 stata gestita dal corriere incaricato. <\/li><\/ul>\t\t\t\t\t\t\t\t<\/div>\n\t\t\t\t<div class=\"elementor-element elementor-element-f518b47 elementor-widget-tablet_extra__width-initial elementor-widget elementor-widget-text-editor\" data-id=\"f518b47\" data-element_type=\"widget\" data-e-type=\"widget\" data-widget_type=\"text-editor.default\">\n\t\t\t\t\t\t\t\t\t<p><span style=\"color: #000000;\"><strong>Please always check the condition of the package before accepting delivery.<\/strong><\/span><\/p>\t\t\t\t\t\t\t\t<\/div>\n\t\t\t\t<\/div>\n\t\t\t\t\t<\/div>\n\t\t\t\t<\/div>\n\t\t\t\t<\/div>\n\t\t","protected":false},"excerpt":{"rendered":"<p>Politica di Spedizione di Spectrum 1. Metodi di spedizione e tracciamento Utilizziamo Correos de Espa\u00f1a come principale servizio di spedizione [&hellip;]<\/p>\n","protected":false},"author":3,"featured_media":0,"parent":0,"menu_order":0,"comment_status":"closed","ping_status":"closed","template":"","meta":{"site-sidebar-layout":"no-sidebar","site-content-layout":"","ast-site-content-layout":"full-width-container","site-content-style":"default","site-sidebar-style":"default","ast-global-header-display":"","ast-banner-title-visibility":"","ast-main-header-display":"","ast-hfb-above-header-display":"","ast-hfb-below-header-display":"","ast-hfb-mobile-header-display":"","site-post-title":"disabled","ast-breadcrumbs-content":"","ast-featured-img":"disabled","footer-sml-layout":"","ast-disable-related-posts":"","theme-transparent-header-meta":"","adv-header-id-meta":"","stick-header-meta":"","header-above-stick-meta":"","header-main-stick-meta":"","header-below-stick-meta":"","astra-migrate-meta-layouts":"default","ast-page-background-enabled":"default","ast-page-background-meta":{"desktop":{"background-color":"var(--ast-global-color-5)","background-image":"","background-repeat":"repeat","background-position":"center center","background-size":"auto","background-attachment":"scroll","background-type":"","background-media":"","overlay-type":"","overlay-color":"","overlay-opacity":"","overlay-gradient":""},"tablet":{"background-color":"","background-image":"","background-repeat":"repeat","background-position":"center center","background-size":"auto","background-attachment":"scroll","background-type":"","background-media":"","overlay-type":"","overlay-color":"","overlay-opacity":"","overlay-gradient":""},"mobile":{"background-color":"","background-image":"","background-repeat":"repeat","background-position":"center center","background-size":"auto","background-attachment":"scroll","background-type":"","background-media":"","overlay-type":"","overlay-color":"","overlay-opacity":"","overlay-gradient":""}},"ast-content-background-meta":{"desktop":{"background-color":"var(--ast-global-color-4)","background-image":"","background-repeat":"repeat","background-position":"center center","background-size":"auto","background-attachment":"scroll","background-type":"","background-media":"","overlay-type":"","overlay-color":"","overlay-opacity":"","overlay-gradient":""},"tablet":{"background-color":"var(--ast-global-color-4)","background-image":"","background-repeat":"repeat","background-position":"center center","background-size":"auto","background-attachment":"scroll","background-type":"","background-media":"","overlay-type":"","overlay-color":"","overlay-opacity":"","overlay-gradient":""},"mobile":{"background-color":"var(--ast-global-color-4)","background-image":"","background-repeat":"repeat","background-position":"center center","background-size":"auto","background-attachment":"scroll","background-type":"","background-media":"","overlay-type":"","overlay-color":"","overlay-opacity":"","overlay-gradient":""}},"_glsr_average":0,"_glsr_ranking":0,"_glsr_reviews":0,"footnotes":""},"class_list":["post-12843","page","type-page","status-publish","hentry"],"_links":{"self":[{"href":"https:\/\/eclipseglassesspain.com\/it\/wp-json\/wp\/v2\/pages\/12843","targetHints":{"allow":["GET"]}}],"collection":[{"href":"https:\/\/eclipseglassesspain.com\/it\/wp-json\/wp\/v2\/pages"}],"about":[{"href":"https:\/\/eclipseglassesspain.com\/it\/wp-json\/wp\/v2\/types\/page"}],"author":[{"embeddable":true,"href":"https:\/\/eclipseglassesspain.com\/it\/wp-json\/wp\/v2\/users\/3"}],"replies":[{"embeddable":true,"href":"https:\/\/eclipseglassesspain.com\/it\/wp-json\/wp\/v2\/comments?post=12843"}],"version-history":[{"count":2,"href":"https:\/\/eclipseglassesspain.com\/it\/wp-json\/wp\/v2\/pages\/12843\/revisions"}],"predecessor-version":[{"id":13123,"href":"https:\/\/eclipseglassesspain.com\/it\/wp-json\/wp\/v2\/pages\/12843\/revisions\/13123"}],"wp:attachment":[{"href":"https:\/\/eclipseglassesspain.com\/it\/wp-json\/wp\/v2\/media?parent=12843"}],"curies":[{"name":"wp","href":"https:\/\/api.w.org\/{rel}","templated":true}]}}