{"id":13937,"date":"2025-10-13T17:39:13","date_gmt":"2025-10-13T15:39:13","guid":{"rendered":"https:\/\/eclipseglassesspain.com\/7018-legal-notice\/"},"modified":"2026-05-05T19:08:18","modified_gmt":"2026-05-05T17:08:18","slug":"7018-legal-notice","status":"publish","type":"page","link":"https:\/\/eclipseglassesspain.com\/pt-pt\/7018-legal-notice\/","title":{"rendered":"7018-Legal Notice"},"content":{"rendered":"\t\t<div data-elementor-type=\"wp-page\" data-elementor-id=\"13937\" class=\"elementor elementor-13937 elementor-3304\" data-elementor-post-type=\"page\">\n\t\t\t\t<div class=\"elementor-element elementor-element-5687102 e-flex e-con-boxed e-con e-parent\" data-id=\"5687102\" data-element_type=\"container\" data-e-type=\"container\" data-settings=\"{&quot;background_background&quot;:&quot;classic&quot;}\">\n\t\t\t\t\t<div class=\"e-con-inner\">\n\t\t<div class=\"elementor-element elementor-element-b5d5cb9 pge-bnr e-flex e-con-boxed e-con e-child\" data-id=\"b5d5cb9\" data-element_type=\"container\" data-e-type=\"container\">\n\t\t\t\t\t<div class=\"e-con-inner\">\n\t\t\t\t<div class=\"elementor-element elementor-element-51b5a16 elementor-widget elementor-widget-heading\" data-id=\"51b5a16\" data-element_type=\"widget\" data-e-type=\"widget\" data-widget_type=\"heading.default\">\n\t\t\t\t\t<h1 class=\"elementor-heading-title elementor-size-default\">Aviso Legal<\/h1>\t\t\t\t<\/div>\n\t\t\t\t<div class=\"elementor-element elementor-element-73a30f2 elementor-widget-divider--view-line elementor-widget elementor-widget-divider\" data-id=\"73a30f2\" data-element_type=\"widget\" data-e-type=\"widget\" data-widget_type=\"divider.default\">\n\t\t\t\t\t\t\t<div class=\"elementor-divider\">\n\t\t\t<span class=\"elementor-divider-separator\">\n\t\t\t\t\t\t<\/span>\n\t\t<\/div>\n\t\t\t\t\t\t<\/div>\n\t\t\t\t\t<\/div>\n\t\t\t\t<\/div>\n\t\t\t\t\t<\/div>\n\t\t\t\t<\/div>\n\t\t<div class=\"elementor-element elementor-element-05932de e-flex e-con-boxed e-con e-parent\" data-id=\"05932de\" data-element_type=\"container\" data-e-type=\"container\">\n\t\t\t\t\t<div class=\"e-con-inner\">\n\t\t<div class=\"elementor-element elementor-element-777eb8f e-con-full e-flex e-con e-child\" data-id=\"777eb8f\" data-element_type=\"container\" data-e-type=\"container\">\n\t\t\t\t<div class=\"elementor-element elementor-element-928cad3 elementor-widget-tablet_extra__width-initial elementor-widget elementor-widget-text-editor\" data-id=\"928cad3\" data-element_type=\"widget\" data-e-type=\"widget\" data-widget_type=\"text-editor.default\">\n\t\t\t\t\t\t\t\t\tBem-vindo a <strong><a href=\"https:\/\/eclipseglassesspain.com\/pt-pt\/\">eclipseglassesspain.com<\/a><\/strong> \u2500 um website propriedade e operado pela <strong>Peitho Marketing LLC<\/strong>, uma empresa constitu\u00edda ao abrigo das leis dos Estados Unidos, com sede em 539 W. Commerce St #4973, Dallas, TX 75208, Estados Unidos, e registada em Espanha com o n\u00famero de identifica\u00e7\u00e3o fiscal (NIF) N0396110I (doravante designada por \u201cSpectrum\u201d).\n\nA marca <strong>Spectrum Eclipse Glasses\u2122<\/strong> \u00e9 uma marca registada utilizada pela Peitho Marketing LLC em rela\u00e7\u00e3o aos produtos e servi\u00e7os disponibilizados neste website.\n\nAo aceder e utilizar este website, aceita ficar vinculado aos nossos <strong>Termos Gerais de Utiliza\u00e7\u00e3o<\/strong> e \u00e0s nossas pol\u00edticas. Recomendamos que os leia atentamente para compreender os seus direitos e obriga\u00e7\u00f5es ao interagir com a Spectrum. \t\t\t\t\t\t\t\t<\/div>\n\t\t\t\t<div class=\"elementor-element elementor-element-e2bfe75 elementor-icon-list--layout-traditional elementor-list-item-link-full_width elementor-widget elementor-widget-icon-list\" data-id=\"e2bfe75\" data-element_type=\"widget\" data-e-type=\"widget\" data-widget_type=\"icon-list.default\">\n\t\t\t\t\t\t\t<ul class=\"elementor-icon-list-items\">\n\t\t\t\t\t\t\t<li class=\"elementor-icon-list-item\">\n\t\t\t\t\t\t\t\t\t\t\t<a href=\"https:\/\/eclipseglassesspain.com\/terms-and-conditions\/\">\n\n\t\t\t\t\t\t\t\t\t\t\t\t<span class=\"elementor-icon-list-icon\">\n\t\t\t\t\t\t\t<svg xmlns=\"http:\/\/www.w3.org\/2000\/svg\" width=\"36\" height=\"36\" viewBox=\"0 0 36 36\" fill=\"none\"><g clip-path=\"url(#clip0_214_165)\"><path d=\"M35.4012 18.0001C35.4012 27.9793 27.0072 35.9923 16.8924 35.3659C8.22601 34.8289 1.17241 27.7753 0.636014 19.1089C0.009014 8.9941 8.02201 0.600098 18.0012 0.600098C20.742 0.600098 23.337 1.2325 25.6452 2.3647C26.2638 2.6683 26.4906 3.4387 26.1492 4.0375L26.1468 4.0417C25.8312 4.5949 25.1424 4.8007 24.5712 4.5193C22.2804 3.3913 19.6614 2.8423 16.8972 3.0397C9.63721 3.5575 3.70801 9.3805 3.06181 16.6303C2.25781 25.6537 9.48901 33.2275 18.3996 32.9947C26.0304 32.7955 32.4 26.7439 32.9586 19.1311C33.1038 17.1535 32.8656 15.2389 32.2992 13.4737C32.1198 12.9139 32.3808 12.3097 32.9064 12.0469C33.5628 11.7187 34.3674 12.0469 34.59 12.7459C35.1168 14.4025 35.4012 16.1677 35.4012 18.0001Z\" fill=\"#FBC35D\"><\/path><path d=\"M9.2462 13.4833L18.7346 26.3215C19.451 27.2911 20.909 27.2071 21.5132 26.1619L35.2244 2.42709C35.9384 1.19109 34.3094 -0.0515121 33.338 0.988888L19.0532 16.2901L10.7648 11.7025C9.6446 11.0827 8.4806 12.4471 9.2462 13.4833Z\" fill=\"#E95900\"><\/path><\/g><defs><clipPath id=\"clip0_214_165\"><rect width=\"36\" height=\"36\" fill=\"white\"><\/rect><\/clipPath><\/defs><\/svg>\t\t\t\t\t\t<\/span>\n\t\t\t\t\t\t\t\t\t\t<span class=\"elementor-icon-list-text\">Termos e Condi\u00e7\u00f5es<\/span>\n\t\t\t\t\t\t\t\t\t\t\t<\/a>\n\t\t\t\t\t\t\t\t\t<\/li>\n\t\t\t\t\t\t\t\t<li class=\"elementor-icon-list-item\">\n\t\t\t\t\t\t\t\t\t\t\t<a href=\"https:\/\/eclipseglassesspain.com\/pt-pt\/7017-shipping\/\">\n\n\t\t\t\t\t\t\t\t\t\t\t\t<span class=\"elementor-icon-list-icon\">\n\t\t\t\t\t\t\t<svg xmlns=\"http:\/\/www.w3.org\/2000\/svg\" width=\"36\" height=\"36\" viewBox=\"0 0 36 36\" fill=\"none\"><g clip-path=\"url(#clip0_214_165)\"><path d=\"M35.4012 18.0001C35.4012 27.9793 27.0072 35.9923 16.8924 35.3659C8.22601 34.8289 1.17241 27.7753 0.636014 19.1089C0.009014 8.9941 8.02201 0.600098 18.0012 0.600098C20.742 0.600098 23.337 1.2325 25.6452 2.3647C26.2638 2.6683 26.4906 3.4387 26.1492 4.0375L26.1468 4.0417C25.8312 4.5949 25.1424 4.8007 24.5712 4.5193C22.2804 3.3913 19.6614 2.8423 16.8972 3.0397C9.63721 3.5575 3.70801 9.3805 3.06181 16.6303C2.25781 25.6537 9.48901 33.2275 18.3996 32.9947C26.0304 32.7955 32.4 26.7439 32.9586 19.1311C33.1038 17.1535 32.8656 15.2389 32.2992 13.4737C32.1198 12.9139 32.3808 12.3097 32.9064 12.0469C33.5628 11.7187 34.3674 12.0469 34.59 12.7459C35.1168 14.4025 35.4012 16.1677 35.4012 18.0001Z\" fill=\"#FBC35D\"><\/path><path d=\"M9.2462 13.4833L18.7346 26.3215C19.451 27.2911 20.909 27.2071 21.5132 26.1619L35.2244 2.42709C35.9384 1.19109 34.3094 -0.0515121 33.338 0.988888L19.0532 16.2901L10.7648 11.7025C9.6446 11.0827 8.4806 12.4471 9.2462 13.4833Z\" fill=\"#E95900\"><\/path><\/g><defs><clipPath id=\"clip0_214_165\"><rect width=\"36\" height=\"36\" fill=\"white\"><\/rect><\/clipPath><\/defs><\/svg>\t\t\t\t\t\t<\/span>\n\t\t\t\t\t\t\t\t\t\t<span class=\"elementor-icon-list-text\">Pol\u00edtica de Envio<\/span>\n\t\t\t\t\t\t\t\t\t\t\t<\/a>\n\t\t\t\t\t\t\t\t\t<\/li>\n\t\t\t\t\t\t\t\t<li class=\"elementor-icon-list-item\">\n\t\t\t\t\t\t\t\t\t\t\t<a href=\"https:\/\/eclipseglassesspain.com\/pt-pt\/7016-refund-policy\/\">\n\n\t\t\t\t\t\t\t\t\t\t\t\t<span class=\"elementor-icon-list-icon\">\n\t\t\t\t\t\t\t<svg xmlns=\"http:\/\/www.w3.org\/2000\/svg\" width=\"36\" height=\"36\" viewBox=\"0 0 36 36\" fill=\"none\"><g clip-path=\"url(#clip0_214_165)\"><path d=\"M35.4012 18.0001C35.4012 27.9793 27.0072 35.9923 16.8924 35.3659C8.22601 34.8289 1.17241 27.7753 0.636014 19.1089C0.009014 8.9941 8.02201 0.600098 18.0012 0.600098C20.742 0.600098 23.337 1.2325 25.6452 2.3647C26.2638 2.6683 26.4906 3.4387 26.1492 4.0375L26.1468 4.0417C25.8312 4.5949 25.1424 4.8007 24.5712 4.5193C22.2804 3.3913 19.6614 2.8423 16.8972 3.0397C9.63721 3.5575 3.70801 9.3805 3.06181 16.6303C2.25781 25.6537 9.48901 33.2275 18.3996 32.9947C26.0304 32.7955 32.4 26.7439 32.9586 19.1311C33.1038 17.1535 32.8656 15.2389 32.2992 13.4737C32.1198 12.9139 32.3808 12.3097 32.9064 12.0469C33.5628 11.7187 34.3674 12.0469 34.59 12.7459C35.1168 14.4025 35.4012 16.1677 35.4012 18.0001Z\" fill=\"#FBC35D\"><\/path><path d=\"M9.2462 13.4833L18.7346 26.3215C19.451 27.2911 20.909 27.2071 21.5132 26.1619L35.2244 2.42709C35.9384 1.19109 34.3094 -0.0515121 33.338 0.988888L19.0532 16.2901L10.7648 11.7025C9.6446 11.0827 8.4806 12.4471 9.2462 13.4833Z\" fill=\"#E95900\"><\/path><\/g><defs><clipPath id=\"clip0_214_165\"><rect width=\"36\" height=\"36\" fill=\"white\"><\/rect><\/clipPath><\/defs><\/svg>\t\t\t\t\t\t<\/span>\n\t\t\t\t\t\t\t\t\t\t<span class=\"elementor-icon-list-text\">Pol\u00edtica de Reembolso<\/span>\n\t\t\t\t\t\t\t\t\t\t\t<\/a>\n\t\t\t\t\t\t\t\t\t<\/li>\n\t\t\t\t\t\t\t\t<li class=\"elementor-icon-list-item\">\n\t\t\t\t\t\t\t\t\t\t\t<a href=\"https:\/\/eclipseglassesspain.com\/pt-pt\/7015-privacy-policy\/\">\n\n\t\t\t\t\t\t\t\t\t\t\t\t<span class=\"elementor-icon-list-icon\">\n\t\t\t\t\t\t\t<svg xmlns=\"http:\/\/www.w3.org\/2000\/svg\" width=\"36\" height=\"36\" viewBox=\"0 0 36 36\" fill=\"none\"><g clip-path=\"url(#clip0_214_165)\"><path d=\"M35.4012 18.0001C35.4012 27.9793 27.0072 35.9923 16.8924 35.3659C8.22601 34.8289 1.17241 27.7753 0.636014 19.1089C0.009014 8.9941 8.02201 0.600098 18.0012 0.600098C20.742 0.600098 23.337 1.2325 25.6452 2.3647C26.2638 2.6683 26.4906 3.4387 26.1492 4.0375L26.1468 4.0417C25.8312 4.5949 25.1424 4.8007 24.5712 4.5193C22.2804 3.3913 19.6614 2.8423 16.8972 3.0397C9.63721 3.5575 3.70801 9.3805 3.06181 16.6303C2.25781 25.6537 9.48901 33.2275 18.3996 32.9947C26.0304 32.7955 32.4 26.7439 32.9586 19.1311C33.1038 17.1535 32.8656 15.2389 32.2992 13.4737C32.1198 12.9139 32.3808 12.3097 32.9064 12.0469C33.5628 11.7187 34.3674 12.0469 34.59 12.7459C35.1168 14.4025 35.4012 16.1677 35.4012 18.0001Z\" fill=\"#FBC35D\"><\/path><path d=\"M9.2462 13.4833L18.7346 26.3215C19.451 27.2911 20.909 27.2071 21.5132 26.1619L35.2244 2.42709C35.9384 1.19109 34.3094 -0.0515121 33.338 0.988888L19.0532 16.2901L10.7648 11.7025C9.6446 11.0827 8.4806 12.4471 9.2462 13.4833Z\" fill=\"#E95900\"><\/path><\/g><defs><clipPath id=\"clip0_214_165\"><rect width=\"36\" height=\"36\" fill=\"white\"><\/rect><\/clipPath><\/defs><\/svg>\t\t\t\t\t\t<\/span>\n\t\t\t\t\t\t\t\t\t\t<span class=\"elementor-icon-list-text\">Pol\u00edtica de Privacidade<\/span>\n\t\t\t\t\t\t\t\t\t\t\t<\/a>\n\t\t\t\t\t\t\t\t\t<\/li>\n\t\t\t\t\t\t\t\t<li class=\"elementor-icon-list-item\">\n\t\t\t\t\t\t\t\t\t\t\t<a href=\"https:\/\/eclipseglassesspain.com\/pt-pt\/7014-cookies-policy\/\">\n\n\t\t\t\t\t\t\t\t\t\t\t\t<span class=\"elementor-icon-list-icon\">\n\t\t\t\t\t\t\t<svg xmlns=\"http:\/\/www.w3.org\/2000\/svg\" width=\"36\" height=\"36\" viewBox=\"0 0 36 36\" fill=\"none\"><g clip-path=\"url(#clip0_214_165)\"><path d=\"M35.4012 18.0001C35.4012 27.9793 27.0072 35.9923 16.8924 35.3659C8.22601 34.8289 1.17241 27.7753 0.636014 19.1089C0.009014 8.9941 8.02201 0.600098 18.0012 0.600098C20.742 0.600098 23.337 1.2325 25.6452 2.3647C26.2638 2.6683 26.4906 3.4387 26.1492 4.0375L26.1468 4.0417C25.8312 4.5949 25.1424 4.8007 24.5712 4.5193C22.2804 3.3913 19.6614 2.8423 16.8972 3.0397C9.63721 3.5575 3.70801 9.3805 3.06181 16.6303C2.25781 25.6537 9.48901 33.2275 18.3996 32.9947C26.0304 32.7955 32.4 26.7439 32.9586 19.1311C33.1038 17.1535 32.8656 15.2389 32.2992 13.4737C32.1198 12.9139 32.3808 12.3097 32.9064 12.0469C33.5628 11.7187 34.3674 12.0469 34.59 12.7459C35.1168 14.4025 35.4012 16.1677 35.4012 18.0001Z\" fill=\"#FBC35D\"><\/path><path d=\"M9.2462 13.4833L18.7346 26.3215C19.451 27.2911 20.909 27.2071 21.5132 26.1619L35.2244 2.42709C35.9384 1.19109 34.3094 -0.0515121 33.338 0.988888L19.0532 16.2901L10.7648 11.7025C9.6446 11.0827 8.4806 12.4471 9.2462 13.4833Z\" fill=\"#E95900\"><\/path><\/g><defs><clipPath id=\"clip0_214_165\"><rect width=\"36\" height=\"36\" fill=\"white\"><\/rect><\/clipPath><\/defs><\/svg>\t\t\t\t\t\t<\/span>\n\t\t\t\t\t\t\t\t\t\t<span class=\"elementor-icon-list-text\">Pol\u00edtica de Cookies<\/span>\n\t\t\t\t\t\t\t\t\t\t\t<\/a>\n\t\t\t\t\t\t\t\t\t<\/li>\n\t\t\t\t\t\t<\/ul>\n\t\t\t\t\t\t<\/div>\n\t\t\t\t<div class=\"elementor-element elementor-element-08fe20a elementor-widget-tablet_extra__width-initial elementor-widget elementor-widget-text-editor\" data-id=\"08fe20a\" data-element_type=\"widget\" data-e-type=\"widget\" data-widget_type=\"text-editor.default\">\n\t\t\t\t\t\t\t\t\tEstes documentos explicam como operamos, como os seus dados pessoais s\u00e3o recolhidos e utilizados e o que pode esperar ao comprar <strong>Spectrum Eclipse Glasses\u2122<\/strong> ou ao participar no nosso programa de afiliados, sorteios e outras promo\u00e7\u00f5es.\n \nO utilizador concorda em utilizar este website em conformidade com as pol\u00edticas acima referidas, a legisla\u00e7\u00e3o aplic\u00e1vel e de forma a n\u00e3o prejudicar os direitos da Spectrum ou de terceiros.\t\t\t\t\t\t\t\t<\/div>\n\t\t\t\t<div class=\"elementor-element elementor-element-7fc0516 elementor-widget elementor-widget-heading\" data-id=\"7fc0516\" data-element_type=\"widget\" data-e-type=\"widget\" data-widget_type=\"heading.default\">\n\t\t\t\t\t<h2 class=\"elementor-heading-title elementor-size-default\">Contacte-nos<\/h2>\t\t\t\t<\/div>\n\t\t\t\t<div class=\"elementor-element elementor-element-4c2d688 elementor-widget-tablet_extra__width-initial elementor-widget elementor-widget-text-editor\" data-id=\"4c2d688\" data-element_type=\"widget\" data-e-type=\"widget\" data-widget_type=\"text-editor.default\">\n\t\t\t\t\t\t\t\t\t<p>Se tiver alguma quest\u00e3o, preocupa\u00e7\u00e3o ou pedido relativo aos nossos termos legais ou pol\u00edticas, pode contactar-nos atrav\u00e9s de qualquer um dos meios indicados na nossa <a href=\"https:\/\/eclipseglassesspain.com\/contact-spectrum-eclipse-glasses\/\">p\u00e1gina de contacto<\/a>.<\/p>\t\t\t\t\t\t\t\t<\/div>\n\t\t\t\t<\/div>\n\t\t\t\t\t<\/div>\n\t\t\t\t<\/div>\n\t\t\t\t<\/div>\n\t\t","protected":false},"excerpt":{"rendered":"<p>Aviso Legal Bem-vindo a eclipseglassesspain.com \u2500 um website propriedade e operado pela Peitho Marketing LLC, uma empresa constitu\u00edda ao abrigo [&hellip;]<\/p>\n","protected":false},"author":58,"featured_media":0,"parent":0,"menu_order":0,"comment_status":"closed","ping_status":"closed","template":"","meta":{"site-sidebar-layout":"no-sidebar","site-content-layout":"","ast-site-content-layout":"full-width-container","site-content-style":"default","site-sidebar-style":"default","ast-global-header-display":"","ast-banner-title-visibility":"","ast-main-header-display":"","ast-hfb-above-header-display":"","ast-hfb-below-header-display":"","ast-hfb-mobile-header-display":"","site-post-title":"disabled","ast-breadcrumbs-content":"","ast-featured-img":"disabled","footer-sml-layout":"","ast-disable-related-posts":"","theme-transparent-header-meta":"","adv-header-id-meta":"","stick-header-meta":"","header-above-stick-meta":"","header-main-stick-meta":"","header-below-stick-meta":"","astra-migrate-meta-layouts":"default","ast-page-background-enabled":"default","ast-page-background-meta":{"desktop":{"background-color":"var(--ast-global-color-5)","background-image":"","background-repeat":"repeat","background-position":"center center","background-size":"auto","background-attachment":"scroll","background-type":"","background-media":"","overlay-type":"","overlay-color":"","overlay-opacity":"","overlay-gradient":""},"tablet":{"background-color":"","background-image":"","background-repeat":"repeat","background-position":"center center","background-size":"auto","background-attachment":"scroll","background-type":"","background-media":"","overlay-type":"","overlay-color":"","overlay-opacity":"","overlay-gradient":""},"mobile":{"background-color":"","background-image":"","background-repeat":"repeat","background-position":"center center","background-size":"auto","background-attachment":"scroll","background-type":"","background-media":"","overlay-type":"","overlay-color":"","overlay-opacity":"","overlay-gradient":""}},"ast-content-background-meta":{"desktop":{"background-color":"var(--ast-global-color-4)","background-image":"","background-repeat":"repeat","background-position":"center center","background-size":"auto","background-attachment":"scroll","background-type":"","background-media":"","overlay-type":"","overlay-color":"","overlay-opacity":"","overlay-gradient":""},"tablet":{"background-color":"var(--ast-global-color-4)","background-image":"","background-repeat":"repeat","background-position":"center center","background-size":"auto","background-attachment":"scroll","background-type":"","background-media":"","overlay-type":"","overlay-color":"","overlay-opacity":"","overlay-gradient":""},"mobile":{"background-color":"var(--ast-global-color-4)","background-image":"","background-repeat":"repeat","background-position":"center center","background-size":"auto","background-attachment":"scroll","background-type":"","background-media":"","overlay-type":"","overlay-color":"","overlay-opacity":"","overlay-gradient":""}},"_glsr_average":0,"_glsr_ranking":0,"_glsr_reviews":0,"footnotes":""},"class_list":["post-13937","page","type-page","status-publish","hentry"],"_links":{"self":[{"href":"https:\/\/eclipseglassesspain.com\/pt-pt\/wp-json\/wp\/v2\/pages\/13937","targetHints":{"allow":["GET"]}}],"collection":[{"href":"https:\/\/eclipseglassesspain.com\/pt-pt\/wp-json\/wp\/v2\/pages"}],"about":[{"href":"https:\/\/eclipseglassesspain.com\/pt-pt\/wp-json\/wp\/v2\/types\/page"}],"author":[{"embeddable":true,"href":"https:\/\/eclipseglassesspain.com\/pt-pt\/wp-json\/wp\/v2\/users\/58"}],"replies":[{"embeddable":true,"href":"https:\/\/eclipseglassesspain.com\/pt-pt\/wp-json\/wp\/v2\/comments?post=13937"}],"version-history":[{"count":2,"href":"https:\/\/eclipseglassesspain.com\/pt-pt\/wp-json\/wp\/v2\/pages\/13937\/revisions"}],"predecessor-version":[{"id":13939,"href":"https:\/\/eclipseglassesspain.com\/pt-pt\/wp-json\/wp\/v2\/pages\/13937\/revisions\/13939"}],"wp:attachment":[{"href":"https:\/\/eclipseglassesspain.com\/pt-pt\/wp-json\/wp\/v2\/media?parent=13937"}],"curies":[{"name":"wp","href":"https:\/\/api.w.org\/{rel}","templated":true}]}}