{"id":14637,"date":"2025-12-16T16:35:01","date_gmt":"2025-12-16T16:35:01","guid":{"rendered":"https:\/\/eclipseglassesspain.com\/product\/oculos-para-eclipse-solar-spectrum-iso-12312-22015-certificados-ce\/"},"modified":"2025-12-16T16:35:01","modified_gmt":"2025-12-16T15:35:01","slug":"oculos-para-eclipse-solar-spectrum-iso-12312-22015-certificados-ce","status":"publish","type":"product","link":"https:\/\/eclipseglassesspain.com\/pt-pt\/produto\/oculos-para-eclipse-solar-spectrum-iso-12312-22015-certificados-ce\/","title":{"rendered":"\u00d3culos para Eclipse Solar Spectrum ISO 12312-2:2015 &#038; Certificados CE"},"content":{"rendered":"<p style=\"margin-bottom: 10px!important;\"><span style=\"font-weight: 400;\">O pr\u00f3ximo eclipse total do Sol ocorrer\u00e1 a 12 de agosto de 2026 em Espanha. Com os \u00d3culos para Eclipse Spectrum\u2122, pode   <\/span><span style=\"font-weight: 400;\">desfrutar do espet\u00e1culo<\/span><span style=\"font-weight: 400;\"> em seguran\u00e7a e com confian\u00e7a.<\/span><\/p>\n<ul>\n<li style=\"font-weight: 400;\" aria-level=\"1\"><span style=\"font-weight: 400;\">Veja eclipses solares em seguran\u00e7a com os nossos \u00f3culos para eclipse. Oferecem uma imagem solar n\u00edtida e natural em tons laranja brilhantes. <\/span><\/li>\n<li style=\"font-weight: 400;\" aria-level=\"1\"><b>Seguran\u00e7a Certificada <\/b><span style=\"font-weight: 400;\">&#8211; Os nossos \u00f3culos para eclipse t\u00eam certifica\u00e7\u00e3o ISO 12312-2:2015 e certifica\u00e7\u00e3o de conformidade da UE (ver certifica\u00e7\u00f5es nas imagens) para observa\u00e7\u00e3o direta do Sol.<\/span><\/li>\n<li style=\"font-weight: 400;\" aria-level=\"1\"><b>Filtra a Luz Nociva.<\/b><span style=\"font-weight: 400;\">  Os nossos \u00f3culos para eclipse solar utilizam tecnologia de filtragem que bloqueia 100% dos raios UV nocivos, 100% da radia\u00e7\u00e3o infravermelha e 99,99% da luz vis\u00edvel.  <\/span><\/li>\n<li style=\"font-weight: 400;\" aria-level=\"1\"><b>Biodegrad\u00e1vel<\/b><span style=\"font-weight: 400;\">: Os \u00d3culos para Eclipse Spectrum s\u00e3o feitos com 70% de fibras de papel reciclado. Os nossos \u00f3culos s\u00e3o uma escolha ecol\u00f3gica para entusiastas ambientalmente conscientes. <\/span><\/li>\n<li style=\"font-weight: 400;\" aria-level=\"1\"><b>Tamanho \u00danico<\/b><span style=\"font-weight: 400;\">  &#8211; Os \u00f3culos para eclipse Spectrum adaptam-se a v\u00e1rias formas e tamanhos de rosto, garantindo um ajuste confort\u00e1vel tanto para adultos como para adolescentes. Estes \u00f3culos s\u00e3o leves e confort\u00e1veis de usar durante per\u00edodos prolongados. <\/span><\/li>\n<li style=\"font-weight: 400;\" aria-level=\"1\"><span style=\"font-weight: 400;\">Siga cuidadosamente as <a style=\"color: #e95900;\" href=\"https:\/\/eclipseglassesspain.com\/pt-pt\/como-usar-oculos-eclipse-em-seguranca\/\" target=\"_blank\" rel=\"noopener\">instru\u00e7\u00f5es de seguran\u00e7a<\/a> <img decoding=\"async\" class=\"alignnone wp-image-10834\" src=\"https:\/\/eclipseglassesspain.com\/wp-content\/uploads\/2026\/02\/eclipseglassesspain_icons_new_window_40x40.webp\" alt=\"\" width=\"20\" height=\"20\"\/>.<\/span><\/li>\n<\/ul>\n","protected":false},"excerpt":{"rendered":"<p>O pr\u00f3ximo eclipse total do Sol ocorrer\u00e1 a 12 de agosto de 2026 em Espanha. Com os \u00d3culos para Eclipse [&hellip;]<\/p>\n","protected":false},"featured_media":0,"comment_status":"open","ping_status":"closed","template":"","meta":{"site-sidebar-layout":"default","site-content-layout":"","ast-site-content-layout":"full-width-container","site-content-style":"default","site-sidebar-style":"default","ast-global-header-display":"","ast-banner-title-visibility":"","ast-main-header-display":"","ast-hfb-above-header-display":"","ast-hfb-below-header-display":"","ast-hfb-mobile-header-display":"","site-post-title":"","ast-breadcrumbs-content":"","ast-featured-img":"","footer-sml-layout":"","ast-disable-related-posts":"","theme-transparent-header-meta":"default","adv-header-id-meta":"","stick-header-meta":"","header-above-stick-meta":"","header-main-stick-meta":"","header-below-stick-meta":"","astra-migrate-meta-layouts":"default","ast-page-background-enabled":"default","ast-page-background-meta":{"desktop":{"background-color":"var(--ast-global-color-5)","background-image":"","background-repeat":"repeat","background-position":"center center","background-size":"auto","background-attachment":"scroll","background-type":"","background-media":"","overlay-type":"","overlay-color":"","overlay-opacity":"","overlay-gradient":""},"tablet":{"background-color":"","background-image":"","background-repeat":"repeat","background-position":"center center","background-size":"auto","background-attachment":"scroll","background-type":"","background-media":"","overlay-type":"","overlay-color":"","overlay-opacity":"","overlay-gradient":""},"mobile":{"background-color":"","background-image":"","background-repeat":"repeat","background-position":"center center","background-size":"auto","background-attachment":"scroll","background-type":"","background-media":"","overlay-type":"","overlay-color":"","overlay-opacity":"","overlay-gradient":""}},"ast-content-background-meta":{"desktop":{"background-color":"var(--ast-global-color-4)","background-image":"","background-repeat":"repeat","background-position":"center center","background-size":"auto","background-attachment":"scroll","background-type":"","background-media":"","overlay-type":"","overlay-color":"","overlay-opacity":"","overlay-gradient":""},"tablet":{"background-color":"var(--ast-global-color-4)","background-image":"","background-repeat":"repeat","background-position":"center center","background-size":"auto","background-attachment":"scroll","background-type":"","background-media":"","overlay-type":"","overlay-color":"","overlay-opacity":"","overlay-gradient":""},"mobile":{"background-color":"var(--ast-global-color-4)","background-image":"","background-repeat":"repeat","background-position":"center center","background-size":"auto","background-attachment":"scroll","background-type":"","background-media":"","overlay-type":"","overlay-color":"","overlay-opacity":"","overlay-gradient":""}},"_glsr_average":0,"_glsr_ranking":0,"_glsr_reviews":0},"product_brand":[],"product_cat":[70],"product_tag":[],"class_list":{"0":"post-14637","1":"product","2":"type-product","3":"status-publish","5":"product_cat-uncategorized","6":"desktop-align-left","7":"tablet-align-left","8":"mobile-align-left","10":"first","11":"instock","12":"taxable","13":"shipping-taxable","14":"purchasable","15":"product-type-simple"},"_links":{"self":[{"href":"https:\/\/eclipseglassesspain.com\/pt-pt\/wp-json\/wp\/v2\/product\/14637","targetHints":{"allow":["GET"]}}],"collection":[{"href":"https:\/\/eclipseglassesspain.com\/pt-pt\/wp-json\/wp\/v2\/product"}],"about":[{"href":"https:\/\/eclipseglassesspain.com\/pt-pt\/wp-json\/wp\/v2\/types\/product"}],"replies":[{"embeddable":true,"href":"https:\/\/eclipseglassesspain.com\/pt-pt\/wp-json\/wp\/v2\/comments?post=14637"}],"wp:attachment":[{"href":"https:\/\/eclipseglassesspain.com\/pt-pt\/wp-json\/wp\/v2\/media?parent=14637"}],"wp:term":[{"taxonomy":"product_brand","embeddable":true,"href":"https:\/\/eclipseglassesspain.com\/pt-pt\/wp-json\/wp\/v2\/product_brand?post=14637"},{"taxonomy":"product_cat","embeddable":true,"href":"https:\/\/eclipseglassesspain.com\/pt-pt\/wp-json\/wp\/v2\/product_cat?post=14637"},{"taxonomy":"product_tag","embeddable":true,"href":"https:\/\/eclipseglassesspain.com\/pt-pt\/wp-json\/wp\/v2\/product_tag?post=14637"}],"curies":[{"name":"wp","href":"https:\/\/api.w.org\/{rel}","templated":true}]}}